{"id":1750,"date":"2026-05-03T13:57:11","date_gmt":"2026-05-03T13:57:11","guid":{"rendered":"https:\/\/chambredhoteslemoulindelaneste.fr\/?page_id=1750"},"modified":"2026-05-03T14:14:41","modified_gmt":"2026-05-03T14:14:41","slug":"soin-confort-proprete","status":"publish","type":"page","link":"https:\/\/chambredhoteslemoulindelaneste.fr\/fr\/care-comfort-cleanliness\/","title":{"rendered":"Soins, Confort et Propret\u00e9"},"content":{"rendered":"<div data-elementor-type=\"wp-page\" data-elementor-id=\"1750\" class=\"elementor elementor-1750\">\n\t\t\t\t<div class=\"elementor-element elementor-element-66dc3a4 e-flex e-con-boxed e-con e-parent\" data-id=\"66dc3a4\" data-element_type=\"container\" data-e-type=\"container\">\n\t\t\t\t\t<div class=\"e-con-inner\">\n\t\t\t\t<div class=\"elementor-element elementor-element-cfb647a elementor-widget elementor-widget-html\" data-id=\"cfb647a\" data-element_type=\"widget\" data-e-type=\"widget\" data-widget_type=\"html.default\">\n\t\t\t\t\t<section style=\"  max-width:820px;  margin:0 auto;  padding:50px 20px;  font-family:Georgia, serif;  line-height:1.7;  color:#3b3b3b;  background:    linear-gradient(rgba(247,244,241,0.92), rgba(247,244,241,0.92)),    url('https:\/\/chambredhoteslemoulindelaneste.fr\/wp-content\/uploads\/2025\/09\/ChatGPT-Image-27-sep-2025-16_54_02.webp');  background-size:cover;  background-position:center;  border-radius:12px;\">\n\n  <!-- HEADER -->\n  <h2 style=\"text-align:center;margin-bottom:10px;font-weight:400;letter-spacing:0.5px;\">\n    \n  <\/h2>\n  <h5 style=\"text-align:center;font-style:italic;color:#7a6f66;margin-bottom:35px;\">\n    Une promesse de soin, en toute discr\u00e9tion, dans chaque d\u00e9tail.\n  <\/h5>\n\n  <!-- SUMMARY BLOCK -->\n  <div style=\"    background:rgba(255,255,255,0.75);    padding:30px;    border-radius:10px;    margin-bottom:40px;    backdrop-filter: blur(3px);  \">\n    \n    <div style=\"display:grid;gap:18px;\">\n      \n      <div style=\"display:flex;gap:12px;\">\n        <span style=\"font-size:20px;color:#a58b6f;\">\u2726<\/span>\n        <p style=\"margin:0;\">\n          <strong>Nettoyage approfondi apr\u00e8s chaque s\u00e9jour<\/strong><br>\n          Du plafond au sol, en incluant les d\u00e9tails souvent invisibles.\n        <\/p>\n      <\/div>\n\n      <div style=\"display:flex;gap:12px;\">\n        <span style=\"font-size:20px;color:#a58b6f;\">\u2726<\/span>\n        <p style=\"margin:0;\">\n          <strong>Linge frais, trait\u00e9 avec soin<\/strong><br>\n          Lav\u00e9 \u00e0 60\u00b0C et s\u00e9ch\u00e9 au s\u00e8che-linge si possible.\n        <\/p>\n      <\/div>\n\n      <div style=\"display:flex;gap:12px;\">\n        <span style=\"font-size:20px;color:#a58b6f;\">\u2726<\/span>\n        <p style=\"margin:0;\">\n          <strong>Nettoyage en profondeur r\u00e9gulier<\/strong><br>\n          Traitement \u00e0 la vapeur des matelas, coussins et tissus.\n        <\/p>\n      <\/div>\n\n      <div style=\"display:flex;gap:12px;\">\n        <span style=\"font-size:20px;color:#a58b6f;\">\u2726<\/span>\n        <p style=\"margin:0;\">\n          <strong>Air pur et ventilation entretenue<\/strong><br>\n          Assurer un climat int\u00e9rieur frais et sain.\n        <\/p>\n      <\/div>\n\n      <div style=\"display:flex;gap:12px;\">\n        <span style=\"font-size:20px;color:#a58b6f;\">\u2726<\/span>\n        <p style=\"margin:0;\">\n          <strong>Produits doux et responsables<\/strong><br>\n          Choisi avec soin pour nos invit\u00e9s et pour notre syst\u00e8me naturel.\n        <\/p>\n      <\/div>\n\n    <\/div>\n  <\/div>\n\n  <!-- FULL TEXT -->\n  <div style=\"max-width:720px;margin:0 auto;background:rgba(255,255,255,0.7);padding:25px;border-radius:10px;backdrop-filter: blur(3px);\">\n    \n    <p>\n      \u00c0 <strong>Chambre d\u2019H\u00f4tes Le Moulin de La Neste<\/strong>, nous pensons que le vrai confort commence par un lieu qui est non seulement beau, mais aussi profond\u00e9ment propre, frais et entretenu.\n    <\/p>\n\n    <p>\n      Apr\u00e8s chaque s\u00e9jour, nous prenons le temps de nettoyer chaque chambre en profondeur et de mani\u00e8re exhaustive. Non seulement les surfaces visibles, mais aussi les endroits souvent n\u00e9glig\u00e9s \u2014 du plafond au sol, des tiroirs jusqu'\u00e0 l'espace sous le lit. Les meubles, les plinthes, les cadres et chaque d\u00e9tail sont m\u00e9ticuleusement inclus, afin que chaque nouveau client arrive dans un espace qui semble avoir \u00e9t\u00e9 pr\u00e9par\u00e9 sp\u00e9cialement pour lui.\n    <\/p>\n\n    <p>\n      Les salles de bains font l'objet d'une attention particuli\u00e8re. Apr\u00e8s chaque s\u00e9jour, elles sont nettoy\u00e9es de mani\u00e8re intensive et pr\u00e9sent\u00e9es \u00e0 nouveau avec le m\u00eame sentiment de fra\u00eecheur et de clart\u00e9 que lors de la premi\u00e8re utilisation.\n    <\/p>\n\n    <p>\n      Les textiles sont trait\u00e9s avec le m\u00eame niveau de soin. Le linge de lit est lav\u00e9 apr\u00e8s chaque client \u00e0 un minimum de 60\u00b0C, en utilisant des programmes d\u00e9di\u00e9s pour un nettoyage en profondeur. Dans la mesure du possible, cela est suivi d'un s\u00e9chage \u00e0 haute temp\u00e9rature pour r\u00e9duire efficacement les bact\u00e9ries et les allerg\u00e8nes.\n    <\/p>\n\n    <p>\n      De plus, r\u00e9guli\u00e8rement \u2014 au moins une fois par semaine et plus souvent durant les p\u00e9riodes de forte affluence \u2014 matelas, coussins, rideaux et tissus sont trait\u00e9s \u00e0 la vapeur. Cela permet un nettoyage en profondeur sans avoir recours \u00e0 des produits chimiques agressifs.\n    <\/p>\n\n    <p>\n      Notre syst\u00e8me de ventilation est r\u00e9guli\u00e8rement nettoy\u00e9 et trait\u00e9 avec une solution d\u00e9sinfectante, garantissant ainsi que l'air reste frais et agr\u00e9able tout au long de votre s\u00e9jour.\n    <\/p>\n\n    <p>\n      Dans tout ce que nous faisons, nous choisissons consciemment des produits de nettoyage doux et responsables. Non seulement pour votre confort, mais aussi dans le respect de notre syst\u00e8me septique biologique et de notre d\u00e9sir de travailler en harmonie avec l'environnement.\n    <\/p>\n\n    <p style=\"margin-top:25px;font-style:italic;text-align:center;color:#7a6f66;\">\n      La propret\u00e9, pour nous, n'est pas une t\u00e2che \u2014 elle fait partie de notre hospitalit\u00e9.\n    <\/p>\n\n  <\/div>\n\n<\/section>\t\t\t\t<\/div>\n\t\t\t\t\t<\/div>\n\t\t\t\t<\/div>\n\t\t\t\t<\/div>","protected":false},"excerpt":{"rendered":"<p>A quiet promise of care, in every detail. \u2726 Thorough cleaning after every stay From ceiling to floor, including the details often unseen. \u2726 Fresh, carefully treated linens Washed at 60\u00b0C and heat-dried whenever possible. \u2726 Regular deep cleaning Steam treatment of mattresses, cushions and fabrics. \u2726 Clean air &#038; maintained ventilation Ensuring a fresh [&hellip;]<\/p>\n","protected":false},"author":1,"featured_media":0,"parent":0,"menu_order":0,"comment_status":"closed","ping_status":"closed","template":"","meta":{"inline_featured_image":false,"footnotes":""},"class_list":["post-1750","page","type-page","status-publish","hentry"],"yoast_head":"<!-- This site is optimized with the Yoast SEO plugin v27.5 - https:\/\/yoast.com\/product\/yoast-seo-wordpress\/ -->\n<title>Care, Comfort &amp; Cleanliness - Chambre d&#039;H\u00f4tes Le Moulin de La Neste<\/title>\n<meta name=\"robots\" content=\"index, follow, max-snippet:-1, max-image-preview:large, max-video-preview:-1\" \/>\n<link rel=\"canonical\" href=\"https:\/\/chambredhoteslemoulindelaneste.fr\/fr\/soin-confort-proprete\/\" \/>\n<meta property=\"og:locale\" content=\"fr_FR\" \/>\n<meta property=\"og:type\" content=\"article\" \/>\n<meta property=\"og:title\" content=\"Care, Comfort &amp; Cleanliness - Chambre d&#039;H\u00f4tes Le Moulin de La Neste\" \/>\n<meta property=\"og:description\" content=\"A quiet promise of care, in every detail. \u2726 Thorough cleaning after every stay From ceiling to floor, including the details often unseen. \u2726 Fresh, carefully treated linens Washed at 60\u00b0C and heat-dried whenever possible. \u2726 Regular deep cleaning Steam treatment of mattresses, cushions and fabrics. \u2726 Clean air &#038; maintained ventilation Ensuring a fresh [&hellip;]\" \/>\n<meta property=\"og:url\" content=\"https:\/\/chambredhoteslemoulindelaneste.fr\/fr\/soin-confort-proprete\/\" \/>\n<meta property=\"og:site_name\" content=\"Chambre d&#039;H\u00f4tes Le Moulin de La Neste\" \/>\n<meta property=\"article:publisher\" content=\"https:\/\/www.facebook.com\/LeMoulinDeLaNeste\" \/>\n<meta property=\"article:modified_time\" content=\"2026-05-03T14:14:41+00:00\" \/>\n<meta name=\"twitter:card\" content=\"summary_large_image\" \/>\n<meta name=\"twitter:label1\" content=\"Dur\u00e9e de lecture estim\u00e9e\" \/>\n\t<meta name=\"twitter:data1\" content=\"2 minutes\" \/>\n<script type=\"application\/ld+json\" class=\"yoast-schema-graph\">{\"@context\":\"https:\\\/\\\/schema.org\",\"@graph\":[{\"@type\":\"WebPage\",\"@id\":\"https:\\\/\\\/chambredhoteslemoulindelaneste.fr\\\/care-comfort-cleanliness\\\/\",\"url\":\"https:\\\/\\\/chambredhoteslemoulindelaneste.fr\\\/care-comfort-cleanliness\\\/\",\"name\":\"Care, Comfort &amp; Cleanliness - Chambre d&#039;H\u00f4tes Le Moulin de La Neste\",\"isPartOf\":{\"@id\":\"https:\\\/\\\/chambredhoteslemoulindelaneste.fr\\\/#website\"},\"datePublished\":\"2026-05-03T13:57:11+00:00\",\"dateModified\":\"2026-05-03T14:14:41+00:00\",\"breadcrumb\":{\"@id\":\"https:\\\/\\\/chambredhoteslemoulindelaneste.fr\\\/care-comfort-cleanliness\\\/#breadcrumb\"},\"inLanguage\":\"fr-FR\",\"potentialAction\":[{\"@type\":\"ReadAction\",\"target\":[\"https:\\\/\\\/chambredhoteslemoulindelaneste.fr\\\/care-comfort-cleanliness\\\/\"]}]},{\"@type\":\"BreadcrumbList\",\"@id\":\"https:\\\/\\\/chambredhoteslemoulindelaneste.fr\\\/care-comfort-cleanliness\\\/#breadcrumb\",\"itemListElement\":[{\"@type\":\"ListItem\",\"position\":1,\"name\":\"Home\",\"item\":\"https:\\\/\\\/chambredhoteslemoulindelaneste.fr\\\/\"},{\"@type\":\"ListItem\",\"position\":2,\"name\":\"Care, Comfort &amp; Cleanliness\"}]},{\"@type\":\"WebSite\",\"@id\":\"https:\\\/\\\/chambredhoteslemoulindelaneste.fr\\\/#website\",\"url\":\"https:\\\/\\\/chambredhoteslemoulindelaneste.fr\\\/\",\"name\":\"Chambre d'H\u00f4tes Le Moulin de La Neste\",\"description\":\"\",\"publisher\":{\"@id\":\"https:\\\/\\\/chambredhoteslemoulindelaneste.fr\\\/#organization\"},\"potentialAction\":[{\"@type\":\"SearchAction\",\"target\":{\"@type\":\"EntryPoint\",\"urlTemplate\":\"https:\\\/\\\/chambredhoteslemoulindelaneste.fr\\\/?s={search_term_string}\"},\"query-input\":{\"@type\":\"PropertyValueSpecification\",\"valueRequired\":true,\"valueName\":\"search_term_string\"}}],\"inLanguage\":\"fr-FR\"},{\"@type\":\"Organization\",\"@id\":\"https:\\\/\\\/chambredhoteslemoulindelaneste.fr\\\/#organization\",\"name\":\"Chambre d'H\u00f4tes Le Moulin De La Neste\",\"url\":\"https:\\\/\\\/chambredhoteslemoulindelaneste.fr\\\/\",\"logo\":{\"@type\":\"ImageObject\",\"inLanguage\":\"fr-FR\",\"@id\":\"https:\\\/\\\/chambredhoteslemoulindelaneste.fr\\\/#\\\/schema\\\/logo\\\/image\\\/\",\"url\":\"https:\\\/\\\/chambredhoteslemoulindelaneste.fr\\\/wp-content\\\/uploads\\\/2026\\\/03\\\/logo_chambre_square_fullcolor-250x250-1.webp\",\"contentUrl\":\"https:\\\/\\\/chambredhoteslemoulindelaneste.fr\\\/wp-content\\\/uploads\\\/2026\\\/03\\\/logo_chambre_square_fullcolor-250x250-1.webp\",\"width\":250,\"height\":250,\"caption\":\"Chambre d'H\u00f4tes Le Moulin De La Neste\"},\"image\":{\"@id\":\"https:\\\/\\\/chambredhoteslemoulindelaneste.fr\\\/#\\\/schema\\\/logo\\\/image\\\/\"},\"sameAs\":[\"https:\\\/\\\/www.facebook.com\\\/LeMoulinDeLaNeste\"]}]}<\/script>\n<!-- \/ Yoast SEO plugin. -->","yoast_head_json":{"title":"Soins, Confort et Propret\u00e9 - Chambre d'H\u00f4tes Le Moulin de La Neste","robots":{"index":"index","follow":"follow","max-snippet":"max-snippet:-1","max-image-preview":"max-image-preview:large","max-video-preview":"max-video-preview:-1"},"canonical":"https:\/\/chambredhoteslemoulindelaneste.fr\/fr\/soin-confort-proprete\/","og_locale":"fr_FR","og_type":"article","og_title":"Care, Comfort &amp; Cleanliness - Chambre d&#039;H\u00f4tes Le Moulin de La Neste","og_description":"A quiet promise of care, in every detail. \u2726 Thorough cleaning after every stay From ceiling to floor, including the details often unseen. \u2726 Fresh, carefully treated linens Washed at 60\u00b0C and heat-dried whenever possible. \u2726 Regular deep cleaning Steam treatment of mattresses, cushions and fabrics. \u2726 Clean air &#038; maintained ventilation Ensuring a fresh [&hellip;]","og_url":"https:\/\/chambredhoteslemoulindelaneste.fr\/fr\/soin-confort-proprete\/","og_site_name":"Chambre d&#039;H\u00f4tes Le Moulin de La Neste","article_publisher":"https:\/\/www.facebook.com\/LeMoulinDeLaNeste","article_modified_time":"2026-05-03T14:14:41+00:00","twitter_card":"summary_large_image","twitter_misc":{"Dur\u00e9e de lecture estim\u00e9e":"2 minutes"},"schema":{"@context":"https:\/\/schema.org","@graph":[{"@type":"WebPage","@id":"https:\/\/chambredhoteslemoulindelaneste.fr\/care-comfort-cleanliness\/","url":"https:\/\/chambredhoteslemoulindelaneste.fr\/care-comfort-cleanliness\/","name":"Soins, Confort et Propret\u00e9 - Chambre d'H\u00f4tes Le Moulin de La Neste","isPartOf":{"@id":"https:\/\/chambredhoteslemoulindelaneste.fr\/#website"},"datePublished":"2026-05-03T13:57:11+00:00","dateModified":"2026-05-03T14:14:41+00:00","breadcrumb":{"@id":"https:\/\/chambredhoteslemoulindelaneste.fr\/care-comfort-cleanliness\/#breadcrumb"},"inLanguage":"fr-FR","potentialAction":[{"@type":"ReadAction","target":["https:\/\/chambredhoteslemoulindelaneste.fr\/care-comfort-cleanliness\/"]}]},{"@type":"BreadcrumbList","@id":"https:\/\/chambredhoteslemoulindelaneste.fr\/care-comfort-cleanliness\/#breadcrumb","itemListElement":[{"@type":"ListItem","position":1,"name":"Home","item":"https:\/\/chambredhoteslemoulindelaneste.fr\/"},{"@type":"ListItem","position":2,"name":"Care, Comfort &amp; Cleanliness"}]},{"@type":"WebSite","@id":"https:\/\/chambredhoteslemoulindelaneste.fr\/#website","url":"https:\/\/chambredhoteslemoulindelaneste.fr\/","name":"Chambre d'H\u00f4tes Le Moulin de La Neste","description":"","publisher":{"@id":"https:\/\/chambredhoteslemoulindelaneste.fr\/#organization"},"potentialAction":[{"@type":"SearchAction","target":{"@type":"EntryPoint","urlTemplate":"https:\/\/chambredhoteslemoulindelaneste.fr\/?s={search_term_string}"},"query-input":{"@type":"PropertyValueSpecification","valueRequired":true,"valueName":"search_term_string"}}],"inLanguage":"fr-FR"},{"@type":"Organization","@id":"https:\/\/chambredhoteslemoulindelaneste.fr\/#organization","name":"Chambre d'H\u00f4tes Le Moulin De La Neste","url":"https:\/\/chambredhoteslemoulindelaneste.fr\/","logo":{"@type":"ImageObject","inLanguage":"fr-FR","@id":"https:\/\/chambredhoteslemoulindelaneste.fr\/#\/schema\/logo\/image\/","url":"https:\/\/chambredhoteslemoulindelaneste.fr\/wp-content\/uploads\/2026\/03\/logo_chambre_square_fullcolor-250x250-1.webp","contentUrl":"https:\/\/chambredhoteslemoulindelaneste.fr\/wp-content\/uploads\/2026\/03\/logo_chambre_square_fullcolor-250x250-1.webp","width":250,"height":250,"caption":"Chambre d'H\u00f4tes Le Moulin De La Neste"},"image":{"@id":"https:\/\/chambredhoteslemoulindelaneste.fr\/#\/schema\/logo\/image\/"},"sameAs":["https:\/\/www.facebook.com\/LeMoulinDeLaNeste"]}]}},"_links":{"self":[{"href":"https:\/\/chambredhoteslemoulindelaneste.fr\/fr\/wp-json\/wp\/v2\/pages\/1750","targetHints":{"allow":["GET"]}}],"collection":[{"href":"https:\/\/chambredhoteslemoulindelaneste.fr\/fr\/wp-json\/wp\/v2\/pages"}],"about":[{"href":"https:\/\/chambredhoteslemoulindelaneste.fr\/fr\/wp-json\/wp\/v2\/types\/page"}],"author":[{"embeddable":true,"href":"https:\/\/chambredhoteslemoulindelaneste.fr\/fr\/wp-json\/wp\/v2\/users\/1"}],"replies":[{"embeddable":true,"href":"https:\/\/chambredhoteslemoulindelaneste.fr\/fr\/wp-json\/wp\/v2\/comments?post=1750"}],"version-history":[{"count":16,"href":"https:\/\/chambredhoteslemoulindelaneste.fr\/fr\/wp-json\/wp\/v2\/pages\/1750\/revisions"}],"predecessor-version":[{"id":1767,"href":"https:\/\/chambredhoteslemoulindelaneste.fr\/fr\/wp-json\/wp\/v2\/pages\/1750\/revisions\/1767"}],"wp:attachment":[{"href":"https:\/\/chambredhoteslemoulindelaneste.fr\/fr\/wp-json\/wp\/v2\/media?parent=1750"}],"curies":[{"name":"wp","href":"https:\/\/api.w.org\/{rel}","templated":true}]}}