{"id":1469,"date":"2026-04-04T20:14:26","date_gmt":"2026-04-04T20:14:26","guid":{"rendered":"https:\/\/chambredhoteslemoulindelaneste.fr\/?page_id=1469"},"modified":"2026-04-04T20:57:55","modified_gmt":"2026-04-04T20:57:55","slug":"services-commodites-informations","status":"publish","type":"page","link":"https:\/\/chambredhoteslemoulindelaneste.fr\/fr\/amenities-services-information\/","title":{"rendered":"\u00c9quipements \u2013 Informations"},"content":{"rendered":"<div class=\"wp-block-columns is-layout-flex wp-container-core-columns-is-layout-9d6595d7 wp-block-columns-is-layout-flex\">\n<div class=\"wp-block-column has-color-3-background-color has-background is-layout-flow wp-block-column-is-layout-flow\">\n<h2 class=\"wp-block-heading\">\u00c9quipements<\/h2>\n\n\n\n<figure class=\"wp-block-table is-style-stripes\"><table class=\"has-fixed-layout\"><tbody><tr><td>\u00c9quipements de salle de bain<\/td><td>Confort de la chambre<\/td><\/tr><tr><td>Petit-d\u00e9jeuner inclus<\/td><td>Machine \u00e0 caf\u00e9 dans la chambre<\/td><\/tr><tr><td>Bouilloire dans la chambre<\/td><td>Chauffage \u00e9lectrique<\/td><\/tr><tr><td>S\u00e8che-cheveux<\/td><td>Wi-Fi s\u00e9curis\u00e9 gratuit<\/td><\/tr><tr><td>Cuisine de luxe partag\u00e9e<\/td><td>Parking gratuit<\/td><\/tr><tr><td>Terrasse avec vue sur les montagnes<\/td><td><\/td><\/tr><\/tbody><\/table><\/figure>\n<\/div>\n<\/div>\n\n\n\n<hr class=\"wp-block-separator has-alpha-channel-opacity is-style-dots\"\/>\n\n\n\n<div class=\"wp-block-columns is-layout-flex wp-container-core-columns-is-layout-9d6595d7 wp-block-columns-is-layout-flex\">\n<div class=\"wp-block-column has-color-3-background-color has-background is-layout-flow wp-block-column-is-layout-flow\">\n<h2 class=\"wp-block-heading\">Informations<\/h2>\n\n\n\n<figure class=\"wp-block-table is-style-stripes\"><table class=\"has-fixed-layout\"><thead><tr><th class=\"has-text-align-center\" data-align=\"center\">Adresse<\/th><th class=\"has-text-align-center\" data-align=\"center\">T\u00e9l\u00e9phone<\/th><th class=\"has-text-align-center\" data-align=\"center\">Courriel<\/th><\/tr><\/thead><tbody><tr><td class=\"has-text-align-center\" data-align=\"center\">6 Route de la Gouarde<br>65250 Izaux<\/td><td class=\"has-text-align-center\" data-align=\"center\"><a href=\"tel:33670476596\">+33 6 70476596<\/a><\/td><td class=\"has-text-align-center\" data-align=\"center\"><a href=\"mailto:info@chambredhoteslemoulindelaneste.fr\">info@chambredhoteslemoulindelaneste.fr<\/a><\/td><\/tr><tr><td class=\"has-text-align-center\" data-align=\"center\"><\/td><td class=\"has-text-align-center\" data-align=\"center\"><\/td><td class=\"has-text-align-center\" data-align=\"center\"><\/td><\/tr><\/tbody><\/table><\/figure>\n<\/div>\n<\/div>\n\n\n\n<div class=\"wp-block-columns is-layout-flex wp-container-core-columns-is-layout-9d6595d7 wp-block-columns-is-layout-flex\">\n<div class=\"wp-block-column is-layout-flow wp-block-column-is-layout-flow\">\n<iframe src=\"https:\/\/www.google.com\/maps\/embed?pb=!1m18!1m12!1m3!1d2527.8620664734185!2d0.3835372000000001!3d43.062212800000005!2m3!1f0!2f0!3f0!3m2!1i1024!2i768!4f13.1!3m3!1m2!1s0x12a84ed74e7a798b%3A0xb583217f6866f1d3!2s6%20Rte%20de%20la%20Gouarde%2C%2065250%20Izaux!5e1!3m2!1snl!2sfr!4v1775335937943!5m2!1snl!2sfr\" align=\"middle\" width=\"600\" height=\"450\" style=\"border:0;\" allowfullscreen=\"\" loading=\"lazy\" referrerpolicy=\"no-referrer-when-downgrade\"><\/iframe>\n<\/div>\n<\/div>\n\n\n\n<p><\/p>","protected":false},"excerpt":{"rendered":"<p>\u00c9quipements Essentiels de salle de bain Confort de la chambre Petit-d\u00e9jeuner inclus Machine \u00e0 caf\u00e9 dans la chambre Bouilloire dans la chambre Chauffage \u00e9lectrique S\u00e8che-cheveux Wi-Fi s\u00e9curis\u00e9 gratuit Cuisine commune de luxe Parking gratuit Terrasse avec vue sur la montagne Informations Adresse T\u00e9l\u00e9phone E-mail 6 Route de la Gouarde65250 Izaux +33 6 70476596 info@chambredhoteslemoulindelaneste.fr<\/p>","protected":false},"author":1,"featured_media":0,"parent":0,"menu_order":0,"comment_status":"closed","ping_status":"closed","template":"","meta":{"inline_featured_image":false,"footnotes":""},"class_list":["post-1469","page","type-page","status-publish","hentry"],"yoast_head":"<!-- This site is optimized with the Yoast SEO plugin v27.5 - https:\/\/yoast.com\/product\/yoast-seo-wordpress\/ -->\n<title>Amenities - Services - Information - Chambre d&#039;H\u00f4tes Le Moulin de La Neste<\/title>\n<meta name=\"robots\" content=\"index, follow, max-snippet:-1, max-image-preview:large, max-video-preview:-1\" \/>\n<link rel=\"canonical\" href=\"https:\/\/chambredhoteslemoulindelaneste.fr\/fr\/services-commodites-informations\/\" \/>\n<meta property=\"og:locale\" content=\"fr_FR\" \/>\n<meta property=\"og:type\" content=\"article\" \/>\n<meta property=\"og:title\" content=\"Amenities - Services - Information - Chambre d&#039;H\u00f4tes Le Moulin de La Neste\" \/>\n<meta property=\"og:description\" content=\"Amenities Bathroom Essentials Bedroom Comforts Breakfast included Coffee machine in the room Water cooker in the room Electric heating Hair dryer Free Secure WiFi Shared luxury kitchen Free parking Terrace with mountain view Information Address Telephone Email 6 Route de la Gouarde65250 Izaux +33 6 70476596 info@chambredhoteslemoulindelaneste.fr\" \/>\n<meta property=\"og:url\" content=\"https:\/\/chambredhoteslemoulindelaneste.fr\/fr\/services-commodites-informations\/\" \/>\n<meta property=\"og:site_name\" content=\"Chambre d&#039;H\u00f4tes Le Moulin de La Neste\" \/>\n<meta property=\"article:publisher\" content=\"https:\/\/www.facebook.com\/LeMoulinDeLaNeste\" \/>\n<meta property=\"article:modified_time\" content=\"2026-04-04T20:57:55+00:00\" \/>\n<meta name=\"twitter:card\" content=\"summary_large_image\" \/>\n<script type=\"application\/ld+json\" class=\"yoast-schema-graph\">{\"@context\":\"https:\\\/\\\/schema.org\",\"@graph\":[{\"@type\":\"WebPage\",\"@id\":\"https:\\\/\\\/chambredhoteslemoulindelaneste.fr\\\/amenities-services-information\\\/\",\"url\":\"https:\\\/\\\/chambredhoteslemoulindelaneste.fr\\\/amenities-services-information\\\/\",\"name\":\"Amenities - Services - Information - Chambre d&#039;H\u00f4tes Le Moulin de La Neste\",\"isPartOf\":{\"@id\":\"https:\\\/\\\/chambredhoteslemoulindelaneste.fr\\\/#website\"},\"datePublished\":\"2026-04-04T20:14:26+00:00\",\"dateModified\":\"2026-04-04T20:57:55+00:00\",\"breadcrumb\":{\"@id\":\"https:\\\/\\\/chambredhoteslemoulindelaneste.fr\\\/amenities-services-information\\\/#breadcrumb\"},\"inLanguage\":\"fr-FR\",\"potentialAction\":[{\"@type\":\"ReadAction\",\"target\":[\"https:\\\/\\\/chambredhoteslemoulindelaneste.fr\\\/amenities-services-information\\\/\"]}]},{\"@type\":\"BreadcrumbList\",\"@id\":\"https:\\\/\\\/chambredhoteslemoulindelaneste.fr\\\/amenities-services-information\\\/#breadcrumb\",\"itemListElement\":[{\"@type\":\"ListItem\",\"position\":1,\"name\":\"Home\",\"item\":\"https:\\\/\\\/chambredhoteslemoulindelaneste.fr\\\/\"},{\"@type\":\"ListItem\",\"position\":2,\"name\":\"Amenities &#8211; Services &#8211; Information\"}]},{\"@type\":\"WebSite\",\"@id\":\"https:\\\/\\\/chambredhoteslemoulindelaneste.fr\\\/#website\",\"url\":\"https:\\\/\\\/chambredhoteslemoulindelaneste.fr\\\/\",\"name\":\"Chambre d'H\u00f4tes Le Moulin de La Neste\",\"description\":\"\",\"publisher\":{\"@id\":\"https:\\\/\\\/chambredhoteslemoulindelaneste.fr\\\/#organization\"},\"potentialAction\":[{\"@type\":\"SearchAction\",\"target\":{\"@type\":\"EntryPoint\",\"urlTemplate\":\"https:\\\/\\\/chambredhoteslemoulindelaneste.fr\\\/?s={search_term_string}\"},\"query-input\":{\"@type\":\"PropertyValueSpecification\",\"valueRequired\":true,\"valueName\":\"search_term_string\"}}],\"inLanguage\":\"fr-FR\"},{\"@type\":\"Organization\",\"@id\":\"https:\\\/\\\/chambredhoteslemoulindelaneste.fr\\\/#organization\",\"name\":\"Chambre d'H\u00f4tes Le Moulin De La Neste\",\"url\":\"https:\\\/\\\/chambredhoteslemoulindelaneste.fr\\\/\",\"logo\":{\"@type\":\"ImageObject\",\"inLanguage\":\"fr-FR\",\"@id\":\"https:\\\/\\\/chambredhoteslemoulindelaneste.fr\\\/#\\\/schema\\\/logo\\\/image\\\/\",\"url\":\"https:\\\/\\\/chambredhoteslemoulindelaneste.fr\\\/wp-content\\\/uploads\\\/2026\\\/03\\\/logo_chambre_square_fullcolor-250x250-1.webp\",\"contentUrl\":\"https:\\\/\\\/chambredhoteslemoulindelaneste.fr\\\/wp-content\\\/uploads\\\/2026\\\/03\\\/logo_chambre_square_fullcolor-250x250-1.webp\",\"width\":250,\"height\":250,\"caption\":\"Chambre d'H\u00f4tes Le Moulin De La Neste\"},\"image\":{\"@id\":\"https:\\\/\\\/chambredhoteslemoulindelaneste.fr\\\/#\\\/schema\\\/logo\\\/image\\\/\"},\"sameAs\":[\"https:\\\/\\\/www.facebook.com\\\/LeMoulinDeLaNeste\"]}]}<\/script>\n<!-- \/ Yoast SEO plugin. -->","yoast_head_json":{"title":"Services - Informations - Chambre d'H\u00f4tes Le Moulin de La Neste","robots":{"index":"index","follow":"follow","max-snippet":"max-snippet:-1","max-image-preview":"max-image-preview:large","max-video-preview":"max-video-preview:-1"},"canonical":"https:\/\/chambredhoteslemoulindelaneste.fr\/fr\/services-commodites-informations\/","og_locale":"fr_FR","og_type":"article","og_title":"Amenities - Services - Information - Chambre d&#039;H\u00f4tes Le Moulin de La Neste","og_description":"Amenities Bathroom Essentials Bedroom Comforts Breakfast included Coffee machine in the room Water cooker in the room Electric heating Hair dryer Free Secure WiFi Shared luxury kitchen Free parking Terrace with mountain view Information Address Telephone Email 6 Route de la Gouarde65250 Izaux +33 6 70476596 info@chambredhoteslemoulindelaneste.fr","og_url":"https:\/\/chambredhoteslemoulindelaneste.fr\/fr\/services-commodites-informations\/","og_site_name":"Chambre d&#039;H\u00f4tes Le Moulin de La Neste","article_publisher":"https:\/\/www.facebook.com\/LeMoulinDeLaNeste","article_modified_time":"2026-04-04T20:57:55+00:00","twitter_card":"summary_large_image","schema":{"@context":"https:\/\/schema.org","@graph":[{"@type":"WebPage","@id":"https:\/\/chambredhoteslemoulindelaneste.fr\/amenities-services-information\/","url":"https:\/\/chambredhoteslemoulindelaneste.fr\/amenities-services-information\/","name":"Services - Informations - Chambre d'H\u00f4tes Le Moulin de La Neste","isPartOf":{"@id":"https:\/\/chambredhoteslemoulindelaneste.fr\/#website"},"datePublished":"2026-04-04T20:14:26+00:00","dateModified":"2026-04-04T20:57:55+00:00","breadcrumb":{"@id":"https:\/\/chambredhoteslemoulindelaneste.fr\/amenities-services-information\/#breadcrumb"},"inLanguage":"fr-FR","potentialAction":[{"@type":"ReadAction","target":["https:\/\/chambredhoteslemoulindelaneste.fr\/amenities-services-information\/"]}]},{"@type":"BreadcrumbList","@id":"https:\/\/chambredhoteslemoulindelaneste.fr\/amenities-services-information\/#breadcrumb","itemListElement":[{"@type":"ListItem","position":1,"name":"Home","item":"https:\/\/chambredhoteslemoulindelaneste.fr\/"},{"@type":"ListItem","position":2,"name":"Amenities &#8211; Services &#8211; Information"}]},{"@type":"WebSite","@id":"https:\/\/chambredhoteslemoulindelaneste.fr\/#website","url":"https:\/\/chambredhoteslemoulindelaneste.fr\/","name":"Chambre d'H\u00f4tes Le Moulin de La Neste","description":"","publisher":{"@id":"https:\/\/chambredhoteslemoulindelaneste.fr\/#organization"},"potentialAction":[{"@type":"SearchAction","target":{"@type":"EntryPoint","urlTemplate":"https:\/\/chambredhoteslemoulindelaneste.fr\/?s={search_term_string}"},"query-input":{"@type":"PropertyValueSpecification","valueRequired":true,"valueName":"search_term_string"}}],"inLanguage":"fr-FR"},{"@type":"Organization","@id":"https:\/\/chambredhoteslemoulindelaneste.fr\/#organization","name":"Chambre d'H\u00f4tes Le Moulin De La Neste","url":"https:\/\/chambredhoteslemoulindelaneste.fr\/","logo":{"@type":"ImageObject","inLanguage":"fr-FR","@id":"https:\/\/chambredhoteslemoulindelaneste.fr\/#\/schema\/logo\/image\/","url":"https:\/\/chambredhoteslemoulindelaneste.fr\/wp-content\/uploads\/2026\/03\/logo_chambre_square_fullcolor-250x250-1.webp","contentUrl":"https:\/\/chambredhoteslemoulindelaneste.fr\/wp-content\/uploads\/2026\/03\/logo_chambre_square_fullcolor-250x250-1.webp","width":250,"height":250,"caption":"Chambre d'H\u00f4tes Le Moulin De La Neste"},"image":{"@id":"https:\/\/chambredhoteslemoulindelaneste.fr\/#\/schema\/logo\/image\/"},"sameAs":["https:\/\/www.facebook.com\/LeMoulinDeLaNeste"]}]}},"_links":{"self":[{"href":"https:\/\/chambredhoteslemoulindelaneste.fr\/fr\/wp-json\/wp\/v2\/pages\/1469","targetHints":{"allow":["GET"]}}],"collection":[{"href":"https:\/\/chambredhoteslemoulindelaneste.fr\/fr\/wp-json\/wp\/v2\/pages"}],"about":[{"href":"https:\/\/chambredhoteslemoulindelaneste.fr\/fr\/wp-json\/wp\/v2\/types\/page"}],"author":[{"embeddable":true,"href":"https:\/\/chambredhoteslemoulindelaneste.fr\/fr\/wp-json\/wp\/v2\/users\/1"}],"replies":[{"embeddable":true,"href":"https:\/\/chambredhoteslemoulindelaneste.fr\/fr\/wp-json\/wp\/v2\/comments?post=1469"}],"version-history":[{"count":9,"href":"https:\/\/chambredhoteslemoulindelaneste.fr\/fr\/wp-json\/wp\/v2\/pages\/1469\/revisions"}],"predecessor-version":[{"id":1478,"href":"https:\/\/chambredhoteslemoulindelaneste.fr\/fr\/wp-json\/wp\/v2\/pages\/1469\/revisions\/1478"}],"wp:attachment":[{"href":"https:\/\/chambredhoteslemoulindelaneste.fr\/fr\/wp-json\/wp\/v2\/media?parent=1469"}],"curies":[{"name":"wp","href":"https:\/\/api.w.org\/{rel}","templated":true}]}}