{"id":13,"date":"2020-11-03T19:56:32","date_gmt":"2020-11-03T19:56:32","guid":{"rendered":"https:\/\/themes.getmotopress.com\/albatross\/accommodations\/"},"modified":"2020-11-03T19:56:32","modified_gmt":"2020-11-03T19:56:32","slug":"hebergement","status":"publish","type":"page","link":"https:\/\/chambredhoteslemoulindelaneste.fr\/fr\/accommodations\/","title":{"rendered":"H\u00e9bergement"},"content":{"rendered":"<div class=\"mphb_sc_rooms-wrapper mphb-room-types horizontal\">    <div class=\"rooms-wrapper\">\n\t\n<div class=\"mphb-room-type post-1096 mphb_room_type type-mphb_room_type status-publish has-post-thumbnail mphb_room_type_facility-bathroom-essentials mphb_room_type_facility-bedroom-comforts mphb_room_type_facility-breakfast-included mphb_room_type_facility-coffee-machine mphb_room_type_facility-heating mphb_room_type_facility-free-parking mphb_room_type_facility-wi-fi mphb_room_type_facility-hair-dryer mphb_room_type_facility-shared-luxury-kitchen mphb_room_type_facility-terrace mphb_room_type_facility-water-cooker mphb-room-type-adults-2 mphb-room-type-children-0 has-taxes-and-fees\">\n\n\t\n\t\n\n\t<div class=\"mphb-room-type-images\">\n\t<div id='mphb-flexslider-gallery-1' class='gallery-columns-1 gallery-size-albatross-large mphb-gallery-main-slider mphb-flexslider-gallery-wrapper mphb-room-type-gallery-wrapper mphb-gallery-main-slider-69fa4edccc207' data-flexslider-atts='{\"animation\":\"slide\",\"controlNav\":false,\"animationLoop\":true,\"smoothHeight\":true,\"slideshow\":false,\"prevText\":\"<svg width=\\\"18\\\" height=\\\"15\\\" viewBox=\\\"0 0 18 15\\\" fill=\\\"none\\\" xmlns=\\\"http:\\\/\\\/www.w3.org\\\/2000\\\/svg\\\">\\n\\t\\t\\t\\t\\t\\t\\t<path d=\\\"M0.292893 8.23396C-0.0976311 7.84344 -0.0976311 7.21027 0.292893 6.81975L6.65685\\n\\t\\t\\t\\t\\t\\t\\t0.455787C7.04738 0.0652627 7.68054 0.0652627 8.07107 0.455787C8.46159 0.846311 8.46159\\n\\t\\t\\t\\t\\t\\t\\t1.47948 8.07107 1.87L2.41421 7.52686L8.07107 13.1837C8.46159 13.5742 8.46159 14.2074\\n\\t\\t\\t\\t\\t\\t\\t8.07107 14.5979C7.68054 14.9884 7.04738 14.9884 6.65685 14.5979L0.292893 8.23396ZM1\\n\\t\\t\\t\\t\\t\\t\\t6.52686L18 6.52685L18 8.52685L1 8.52686L1 6.52686Z\\\"\\\/><\\\/svg>\",\"nextText\":\"<svg width=\\\"19\\\" height=\\\"15\\\" viewBox=\\\"0 0 19 15\\\" fill=\\\"none\\\" xmlns=\\\"http:\\\/\\\/www.w3.org\\\/2000\\\/svg\\\">\\n\\t\\t\\t\\t\\t\\t\\t<path d=\\\"M17.7608 8.23396C18.1513 7.84344 18.1513 7.21027 17.7608 6.81975L11.3969\\n\\t\\t\\t\\t\\t\\t\\t0.455787C11.0063 0.0652627 10.3732 0.0652627 9.98264 0.455787C9.59212 0.846311 9.59212\\n\\t\\t\\t\\t\\t\\t\\t1.47948 9.98264 1.87L15.6395 7.52686L9.98264 13.1837C9.59212 13.5742 9.59212 14.2074\\n\\t\\t\\t\\t\\t\\t\\t9.98264 14.5979C10.3732 14.9884 11.0063 14.9884 11.3969 14.5979L17.7608 8.23396ZM17.0537\\n\\t\\t\\t\\t\\t\\t\\t6.52686L0.053711 6.52685L0.0537109 8.52685L17.0537 8.52686L17.0537 6.52686Z\\\"\\\/><\\\/svg>\"}' data-group='69fa4edccc207'><ul class=\"slides\"><li class='gallery-item'><span class='gallery-icon landscape'>\n\t\t\t\t<a href=\"https:\/\/chambredhoteslemoulindelaneste.fr\/fr\/accommodation\/la-pause\/\"><img fetchpriority=\"high\" decoding=\"async\" width=\"920\" height=\"650\" src=\"https:\/\/chambredhoteslemoulindelaneste.fr\/wp-content\/uploads\/2026\/03\/file_000000002260720a9246d1562ff25c70-920x650.webp\" class=\"attachment-albatross-large size-albatross-large\" alt=\"\" aria-describedby=\"mphb-flexslider-gallery-1-1353\" \/><\/a>\n\t\t\t<\/span><\/li><li class='gallery-item'><span class='gallery-icon landscape'>\n\t\t\t\t<a href=\"https:\/\/chambredhoteslemoulindelaneste.fr\/fr\/accommodation\/la-pause\/\"><img decoding=\"async\" width=\"920\" height=\"650\" src=\"https:\/\/chambredhoteslemoulindelaneste.fr\/wp-content\/uploads\/2026\/03\/179b7665-d0d3-41a8-b762-aa5d68b2eaa2-920x650.png\" class=\"attachment-albatross-large size-albatross-large\" alt=\"\" aria-describedby=\"mphb-flexslider-gallery-1-1349\" \/><\/a>\n\t\t\t<\/span><\/li><li class='gallery-item'><span class='gallery-icon landscape'>\n\t\t\t\t<a href=\"https:\/\/chambredhoteslemoulindelaneste.fr\/fr\/accommodation\/la-pause\/\"><img decoding=\"async\" width=\"920\" height=\"650\" src=\"https:\/\/chambredhoteslemoulindelaneste.fr\/wp-content\/uploads\/2026\/03\/file_0000000075ac72468d37a259cfb0ace4-920x650.webp\" class=\"attachment-albatross-large size-albatross-large\" alt=\"\" aria-describedby=\"mphb-flexslider-gallery-1-1352\" \/><\/a>\n\t\t\t<\/span><\/li><li class='gallery-item'><span class='gallery-icon portrait'>\n\t\t\t\t<a href=\"https:\/\/chambredhoteslemoulindelaneste.fr\/fr\/accommodation\/la-pause\/\"><img loading=\"lazy\" decoding=\"async\" width=\"920\" height=\"650\" src=\"https:\/\/chambredhoteslemoulindelaneste.fr\/wp-content\/uploads\/2026\/03\/file_000000006a2472468c909a9f3de1015a-920x650.webp\" class=\"attachment-albatross-large size-albatross-large\" alt=\"\" aria-describedby=\"mphb-flexslider-gallery-1-1351\" \/><\/a>\n\t\t\t<\/span><\/li><li class='gallery-item'><span class='gallery-icon landscape'>\n\t\t\t\t<a href=\"https:\/\/chambredhoteslemoulindelaneste.fr\/fr\/accommodation\/la-pause\/\"><img loading=\"lazy\" decoding=\"async\" width=\"920\" height=\"650\" src=\"https:\/\/chambredhoteslemoulindelaneste.fr\/wp-content\/uploads\/2026\/03\/file_0000000065647243a871845b5412237c-920x650.webp\" class=\"attachment-albatross-large size-albatross-large\" alt=\"\" aria-describedby=\"mphb-flexslider-gallery-1-1354\" \/><\/a>\n\t\t\t<\/span><\/li><li class='gallery-item'><span class='gallery-icon portrait'>\n\t\t\t\t<a href=\"https:\/\/chambredhoteslemoulindelaneste.fr\/fr\/accommodation\/la-pause\/\"><img loading=\"lazy\" decoding=\"async\" width=\"920\" height=\"650\" src=\"https:\/\/chambredhoteslemoulindelaneste.fr\/wp-content\/uploads\/2026\/03\/bathroom_warm-920x650.webp\" class=\"attachment-albatross-large size-albatross-large\" alt=\"\" aria-describedby=\"mphb-flexslider-gallery-1-1350\" \/><\/a>\n\t\t\t<\/span><\/li><li class='gallery-item'><span class='gallery-icon portrait'>\n\t\t\t\t<a href=\"https:\/\/chambredhoteslemoulindelaneste.fr\/fr\/accommodation\/la-pause\/\"><img loading=\"lazy\" decoding=\"async\" width=\"920\" height=\"650\" src=\"https:\/\/chambredhoteslemoulindelaneste.fr\/wp-content\/uploads\/2026\/03\/toilet_warm-920x650.webp\" class=\"attachment-albatross-large size-albatross-large\" alt=\"\" aria-describedby=\"mphb-flexslider-gallery-1-1357\" \/><\/a>\n\t\t\t<\/span><\/li><li class='gallery-item'><span class='gallery-icon portrait'>\n\t\t\t\t<a href=\"https:\/\/chambredhoteslemoulindelaneste.fr\/fr\/accommodation\/la-pause\/\"><img loading=\"lazy\" decoding=\"async\" width=\"920\" height=\"650\" src=\"https:\/\/chambredhoteslemoulindelaneste.fr\/wp-content\/uploads\/2026\/04\/20260404_165949-920x650.webp\" class=\"attachment-albatross-large size-albatross-large\" alt=\"\" aria-describedby=\"mphb-flexslider-gallery-1-1436\" \/><\/a>\n\t\t\t<\/span><\/li><li class='gallery-item'><span class='gallery-icon portrait'>\n\t\t\t\t<a href=\"https:\/\/chambredhoteslemoulindelaneste.fr\/fr\/accommodation\/la-pause\/\"><img loading=\"lazy\" decoding=\"async\" width=\"920\" height=\"650\" src=\"https:\/\/chambredhoteslemoulindelaneste.fr\/wp-content\/uploads\/2026\/04\/20260404_170039-920x650.webp\" class=\"attachment-albatross-large size-albatross-large\" alt=\"\" aria-describedby=\"mphb-flexslider-gallery-1-1435\" \/><\/a>\n\t\t\t<\/span><\/li><li class='gallery-item'><span class='gallery-icon landscape'>\n\t\t\t\t<a href=\"https:\/\/chambredhoteslemoulindelaneste.fr\/fr\/accommodation\/la-pause\/\"><img loading=\"lazy\" decoding=\"async\" width=\"920\" height=\"650\" src=\"https:\/\/chambredhoteslemoulindelaneste.fr\/wp-content\/uploads\/2026\/03\/kitchen_website_ready-920x650.webp\" class=\"attachment-albatross-large size-albatross-large\" alt=\"\" aria-describedby=\"mphb-flexslider-gallery-1-1355\" \/><\/a>\n\t\t\t<\/span><\/li><li class='gallery-item'><span class='gallery-icon landscape'>\n\t\t\t\t<a href=\"https:\/\/chambredhoteslemoulindelaneste.fr\/fr\/accommodation\/la-pause\/\"><img loading=\"lazy\" decoding=\"async\" width=\"920\" height=\"650\" src=\"https:\/\/chambredhoteslemoulindelaneste.fr\/wp-content\/uploads\/2026\/04\/file_000000002408724396228ce2b1dc6f19-920x650.webp\" class=\"attachment-albatross-large size-albatross-large\" alt=\"\" aria-describedby=\"mphb-flexslider-gallery-1-1675\" srcset=\"https:\/\/chambredhoteslemoulindelaneste.fr\/wp-content\/uploads\/2026\/04\/file_000000002408724396228ce2b1dc6f19-920x650.webp 920w, https:\/\/chambredhoteslemoulindelaneste.fr\/wp-content\/uploads\/2026\/04\/file_000000002408724396228ce2b1dc6f19-18x12.webp 18w\" sizes=\"(max-width: 920px) 100vw, 920px\" \/><\/a>\n\t\t\t<\/span><\/li><\/ul>\n\t\t<\/div>\n\n\t<\/div>\n\t        <div class=\"mphb-room-type-content-wrapper\">\n            <div class=\"mphb-room-type-content\">\n\t\t\t\t                    <div class=\"mphb-room-type-description\">\n\t\t\t\t\t\t\n<h2 class=\"mphb-room-type-title entry-title\">\n\n<a class=\"mphb-room-type-title\" href=\"https:\/\/chambredhoteslemoulindelaneste.fr\/fr\/accommodation\/la-pause\/\">La Pause<\/a>\n\n<\/h2>\n\n\t<p class=\"mphb-regular-price\"><strong>Prix \u00e0 partir de:<\/strong>\n\t<span class=\"mphb-price\"><span class=\"mphb-currency\">\u20ac<\/span>85<\/span> <span class=\"mphb-price-period\" title=\"Choisissez les dates pour voir les prix pertinents\">par nuit<\/span><span class=\"mphb-tax-information taxes-included\"> (+taxes et frais)<\/span>\n\t<\/p>\n\t                            <div class=\"mphb-room-type-excerpt\">\n\t\t\t\t\t\t\t\t\n\n<p>Cette charmante chambre de 21 m\u00b2 est un lieu id\u00e9al pour se d\u00e9tendre. Les touches de bois chaleureuses et les tons naturels et doux cr\u00e9ent une atmosph\u00e8re accueillante et apaisante d\u00e8s votre arriv\u00e9e.<\/p>\n\n                            <\/div>\n\t\t\t\t\t\t\n<h3 class=\"mphb-room-type-details-title\">D\u00e9tails<\/h3><ul class=\"mphb-loop-room-type-attributes\">\n\n\n\t<li class=\"mphb-room-type-adults-capacity\"><span class=\"mphb-attribute-title mphb-adults-title\">Invit\u00e9s:<\/span><span class=\"mphb-attribute-value\">\n\t2\n\t<\/span><\/li>\n\t\n\n\t<li class=\"mphb-room-type-facilities\"><span class=\"mphb-attribute-title mphb-facilities-title\">\u00c9quipements :<\/span><span class=\"mphb-attribute-value\"> <span class=\"facility-bathroom-essentials\"><a href=\"https:\/\/chambredhoteslemoulindelaneste.fr\/fr\/accommodation-facility\/bathroom-essentials\/\">Articles de salle de bain<\/a><\/span>, <span class=\"facility-bedroom-comforts\"><a href=\"https:\/\/chambredhoteslemoulindelaneste.fr\/fr\/accommodation-facility\/bedroom-comforts\/\">Les conforts de la chambre<\/a><\/span>, <span class=\"facility-breakfast-included\"><a href=\"https:\/\/chambredhoteslemoulindelaneste.fr\/fr\/accommodation-facility\/breakfast-included\/\">Petit-d\u00e9jeuner inclus<\/a><\/span>, <span class=\"facility-coffee-machine\"><a href=\"https:\/\/chambredhoteslemoulindelaneste.fr\/fr\/accommodation-facility\/coffee-machine\/\">Machine \u00e0 caf\u00e9<\/a><\/span>, <span class=\"facility-heating\"><a href=\"https:\/\/chambredhoteslemoulindelaneste.fr\/fr\/accommodation-facility\/heating\/\">Chauffage \u00e9lectrique<\/a><\/span>, <span class=\"facility-free-parking\"><a href=\"https:\/\/chambredhoteslemoulindelaneste.fr\/fr\/accommodation-facility\/free-parking\/\">Parking gratuit<\/a><\/span>, <span class=\"facility-wi-fi\"><a href=\"https:\/\/chambredhoteslemoulindelaneste.fr\/fr\/accommodation-facility\/wi-fi\/\">Wi-Fi gratuit et s\u00e9curis\u00e9<\/a><\/span>, <span class=\"facility-hair-dryer\"><a href=\"https:\/\/chambredhoteslemoulindelaneste.fr\/fr\/accommodation-facility\/hair-dryer\/\">S\u00e8che-cheveux<\/a><\/span>, <span class=\"facility-shared-luxury-kitchen\"><a href=\"https:\/\/chambredhoteslemoulindelaneste.fr\/fr\/accommodation-facility\/shared-luxury-kitchen\/\">Cuisine de luxe partag\u00e9e<\/a><\/span>, <span class=\"facility-terrace\"><a href=\"https:\/\/chambredhoteslemoulindelaneste.fr\/fr\/accommodation-facility\/terrace\/\">Terrasse<\/a><\/span>, <span class=\"facility-water-cooker\"><a href=\"https:\/\/chambredhoteslemoulindelaneste.fr\/fr\/accommodation-facility\/water-cooker\/\">Bouilloire<\/a><\/span><\/span><\/li>\n\t\n\n\n\t<li class=\"mphb-room-type-view\"><span class=\"mphb-attribute-title mphb-view-title\">Vue :<\/span><span class=\"mphb-attribute-value\">\n\tVue sur la rivi\u00e8re et la colline\n\t<\/span><\/li>\n\t\n\n\n\t<li class=\"mphb-room-type-size\"><span class=\"mphb-attribute-title mphb-size-title\">Taille :<\/span><span class=\"mphb-attribute-value\">\n\t21 m\u00b2\n\t<\/span><\/li>\n\t\n\n\t<li class=\"mphb-room-type-bed-type\"><span  class=\"mphb-attribute-title mphb-bed-type-title\">Type de lit :<\/span><span class=\"mphb-attribute-value\">\n\t2 lits jumeaux de luxe (pouvant \u00eatre r\u00e9unis pour former un lit double)\n\t<\/span><\/li>\n\t\n\n<\/ul>                    <\/div>\n\t\t\t\t                    <div class=\"mphb-room-type-buttons\">\n\t\t\t\t\t\t\n<div class=\"mphb-to-book-btn-wrapper\">\n<form action=\"https:\/\/chambredhoteslemoulindelaneste.fr\/fr\/hebergement-2\/la-pause\/#booking-form-1096\" method=\"get\" data-trp-original-action=\"https:\/\/chambredhoteslemoulindelaneste.fr\/fr\/accommodation\/la-pause\/#booking-form-1096\" ><button type=\"submit\" class=\"button mphb-book-button\" ><svg enable-background=\"new 0 0 30.99 6.99\" \n\t\t\t\tviewbox=\"0 0 30.99 6.99\" xml:space=\"preserve\" xmlns=\"http:\/\/www.w3.org\/2000\/svg\">\n            \t<rect y=\"3\" width=\"30\" height=\"1\"><\/rect><polyline points=\"26.78 0.68 28.18 2.08 29.58 3.48 26.8 6.26             \t27.53 6.99 30.99 3.53 27.46 0\"><\/polyline><\/svg>Book now<\/button><input type=\"hidden\" name=\"trp-form-language\" value=\"fr\"\/><\/form>\n<\/div>\n<p class=\"mphb-view-details-button-wrapper\">\n<a class=\"button mphb-view-details-button\" href=\"https:\/\/chambredhoteslemoulindelaneste.fr\/fr\/accommodation\/la-pause\/\" >Voir les d\u00e9tails<\/a>\n<\/p>                    <\/div>\n\t\t\t\t            <\/div>\n        <\/div>\n\t\n<\/div>\n\n    <\/div>\n\t<\/div>","protected":false},"excerpt":{"rendered":"","protected":false},"author":1,"featured_media":0,"parent":0,"menu_order":0,"comment_status":"closed","ping_status":"closed","template":"template-page-wide.php","meta":{"inline_featured_image":false,"footnotes":""},"class_list":["post-13","page","type-page","status-publish","hentry"],"yoast_head":"<!-- This site is optimized with the Yoast SEO plugin v27.5 - https:\/\/yoast.com\/product\/yoast-seo-wordpress\/ -->\n<title>Accommodations - Chambre d&#039;H\u00f4tes Le Moulin de La Neste<\/title>\n<meta name=\"robots\" content=\"index, follow, max-snippet:-1, max-image-preview:large, max-video-preview:-1\" \/>\n<link rel=\"canonical\" href=\"https:\/\/chambredhoteslemoulindelaneste.fr\/fr\/hebergement\/\" \/>\n<meta property=\"og:locale\" content=\"fr_FR\" \/>\n<meta property=\"og:type\" content=\"article\" \/>\n<meta property=\"og:title\" content=\"Accommodations - Chambre d&#039;H\u00f4tes Le Moulin de La Neste\" \/>\n<meta property=\"og:url\" content=\"https:\/\/chambredhoteslemoulindelaneste.fr\/fr\/hebergement\/\" \/>\n<meta property=\"og:site_name\" content=\"Chambre d&#039;H\u00f4tes Le Moulin de La Neste\" \/>\n<meta property=\"article:publisher\" content=\"https:\/\/www.facebook.com\/LeMoulinDeLaNeste\" \/>\n<meta name=\"twitter:card\" content=\"summary_large_image\" \/>\n<script type=\"application\/ld+json\" class=\"yoast-schema-graph\">{\"@context\":\"https:\\\/\\\/schema.org\",\"@graph\":[{\"@type\":\"WebPage\",\"@id\":\"https:\\\/\\\/chambredhoteslemoulindelaneste.fr\\\/accommodations\\\/\",\"url\":\"https:\\\/\\\/chambredhoteslemoulindelaneste.fr\\\/accommodations\\\/\",\"name\":\"Accommodations - Chambre d&#039;H\u00f4tes Le Moulin de La Neste\",\"isPartOf\":{\"@id\":\"https:\\\/\\\/chambredhoteslemoulindelaneste.fr\\\/#website\"},\"datePublished\":\"2020-11-03T19:56:32+00:00\",\"breadcrumb\":{\"@id\":\"https:\\\/\\\/chambredhoteslemoulindelaneste.fr\\\/accommodations\\\/#breadcrumb\"},\"inLanguage\":\"fr-FR\",\"potentialAction\":[{\"@type\":\"ReadAction\",\"target\":[\"https:\\\/\\\/chambredhoteslemoulindelaneste.fr\\\/accommodations\\\/\"]}]},{\"@type\":\"BreadcrumbList\",\"@id\":\"https:\\\/\\\/chambredhoteslemoulindelaneste.fr\\\/accommodations\\\/#breadcrumb\",\"itemListElement\":[{\"@type\":\"ListItem\",\"position\":1,\"name\":\"Home\",\"item\":\"https:\\\/\\\/chambredhoteslemoulindelaneste.fr\\\/\"},{\"@type\":\"ListItem\",\"position\":2,\"name\":\"Accommodations\"}]},{\"@type\":\"WebSite\",\"@id\":\"https:\\\/\\\/chambredhoteslemoulindelaneste.fr\\\/#website\",\"url\":\"https:\\\/\\\/chambredhoteslemoulindelaneste.fr\\\/\",\"name\":\"Chambre d'H\u00f4tes Le Moulin de La Neste\",\"description\":\"\",\"publisher\":{\"@id\":\"https:\\\/\\\/chambredhoteslemoulindelaneste.fr\\\/#organization\"},\"potentialAction\":[{\"@type\":\"SearchAction\",\"target\":{\"@type\":\"EntryPoint\",\"urlTemplate\":\"https:\\\/\\\/chambredhoteslemoulindelaneste.fr\\\/?s={search_term_string}\"},\"query-input\":{\"@type\":\"PropertyValueSpecification\",\"valueRequired\":true,\"valueName\":\"search_term_string\"}}],\"inLanguage\":\"fr-FR\"},{\"@type\":\"Organization\",\"@id\":\"https:\\\/\\\/chambredhoteslemoulindelaneste.fr\\\/#organization\",\"name\":\"Chambre d'H\u00f4tes Le Moulin De La Neste\",\"url\":\"https:\\\/\\\/chambredhoteslemoulindelaneste.fr\\\/\",\"logo\":{\"@type\":\"ImageObject\",\"inLanguage\":\"fr-FR\",\"@id\":\"https:\\\/\\\/chambredhoteslemoulindelaneste.fr\\\/#\\\/schema\\\/logo\\\/image\\\/\",\"url\":\"https:\\\/\\\/chambredhoteslemoulindelaneste.fr\\\/wp-content\\\/uploads\\\/2026\\\/03\\\/logo_chambre_square_fullcolor-250x250-1.webp\",\"contentUrl\":\"https:\\\/\\\/chambredhoteslemoulindelaneste.fr\\\/wp-content\\\/uploads\\\/2026\\\/03\\\/logo_chambre_square_fullcolor-250x250-1.webp\",\"width\":250,\"height\":250,\"caption\":\"Chambre d'H\u00f4tes Le Moulin De La Neste\"},\"image\":{\"@id\":\"https:\\\/\\\/chambredhoteslemoulindelaneste.fr\\\/#\\\/schema\\\/logo\\\/image\\\/\"},\"sameAs\":[\"https:\\\/\\\/www.facebook.com\\\/LeMoulinDeLaNeste\"]}]}<\/script>\n<!-- \/ Yoast SEO plugin. -->","yoast_head_json":{"title":"Logement - Chambre d'H\u00f4tes Le Moulin de La Neste","robots":{"index":"index","follow":"follow","max-snippet":"max-snippet:-1","max-image-preview":"max-image-preview:large","max-video-preview":"max-video-preview:-1"},"canonical":"https:\/\/chambredhoteslemoulindelaneste.fr\/fr\/hebergement\/","og_locale":"fr_FR","og_type":"article","og_title":"Accommodations - Chambre d&#039;H\u00f4tes Le Moulin de La Neste","og_url":"https:\/\/chambredhoteslemoulindelaneste.fr\/fr\/hebergement\/","og_site_name":"Chambre d&#039;H\u00f4tes Le Moulin de La Neste","article_publisher":"https:\/\/www.facebook.com\/LeMoulinDeLaNeste","twitter_card":"summary_large_image","schema":{"@context":"https:\/\/schema.org","@graph":[{"@type":"WebPage","@id":"https:\/\/chambredhoteslemoulindelaneste.fr\/accommodations\/","url":"https:\/\/chambredhoteslemoulindelaneste.fr\/accommodations\/","name":"Logement - Chambre d'H\u00f4tes Le Moulin de La Neste","isPartOf":{"@id":"https:\/\/chambredhoteslemoulindelaneste.fr\/#website"},"datePublished":"2020-11-03T19:56:32+00:00","breadcrumb":{"@id":"https:\/\/chambredhoteslemoulindelaneste.fr\/accommodations\/#breadcrumb"},"inLanguage":"fr-FR","potentialAction":[{"@type":"ReadAction","target":["https:\/\/chambredhoteslemoulindelaneste.fr\/accommodations\/"]}]},{"@type":"BreadcrumbList","@id":"https:\/\/chambredhoteslemoulindelaneste.fr\/accommodations\/#breadcrumb","itemListElement":[{"@type":"ListItem","position":1,"name":"Home","item":"https:\/\/chambredhoteslemoulindelaneste.fr\/"},{"@type":"ListItem","position":2,"name":"Accommodations"}]},{"@type":"WebSite","@id":"https:\/\/chambredhoteslemoulindelaneste.fr\/#website","url":"https:\/\/chambredhoteslemoulindelaneste.fr\/","name":"Chambre d'H\u00f4tes Le Moulin de La Neste","description":"","publisher":{"@id":"https:\/\/chambredhoteslemoulindelaneste.fr\/#organization"},"potentialAction":[{"@type":"SearchAction","target":{"@type":"EntryPoint","urlTemplate":"https:\/\/chambredhoteslemoulindelaneste.fr\/?s={search_term_string}"},"query-input":{"@type":"PropertyValueSpecification","valueRequired":true,"valueName":"search_term_string"}}],"inLanguage":"fr-FR"},{"@type":"Organization","@id":"https:\/\/chambredhoteslemoulindelaneste.fr\/#organization","name":"Chambre d'H\u00f4tes Le Moulin De La Neste","url":"https:\/\/chambredhoteslemoulindelaneste.fr\/","logo":{"@type":"ImageObject","inLanguage":"fr-FR","@id":"https:\/\/chambredhoteslemoulindelaneste.fr\/#\/schema\/logo\/image\/","url":"https:\/\/chambredhoteslemoulindelaneste.fr\/wp-content\/uploads\/2026\/03\/logo_chambre_square_fullcolor-250x250-1.webp","contentUrl":"https:\/\/chambredhoteslemoulindelaneste.fr\/wp-content\/uploads\/2026\/03\/logo_chambre_square_fullcolor-250x250-1.webp","width":250,"height":250,"caption":"Chambre d'H\u00f4tes Le Moulin De La Neste"},"image":{"@id":"https:\/\/chambredhoteslemoulindelaneste.fr\/#\/schema\/logo\/image\/"},"sameAs":["https:\/\/www.facebook.com\/LeMoulinDeLaNeste"]}]}},"_links":{"self":[{"href":"https:\/\/chambredhoteslemoulindelaneste.fr\/fr\/wp-json\/wp\/v2\/pages\/13","targetHints":{"allow":["GET"]}}],"collection":[{"href":"https:\/\/chambredhoteslemoulindelaneste.fr\/fr\/wp-json\/wp\/v2\/pages"}],"about":[{"href":"https:\/\/chambredhoteslemoulindelaneste.fr\/fr\/wp-json\/wp\/v2\/types\/page"}],"author":[{"embeddable":true,"href":"https:\/\/chambredhoteslemoulindelaneste.fr\/fr\/wp-json\/wp\/v2\/users\/1"}],"replies":[{"embeddable":true,"href":"https:\/\/chambredhoteslemoulindelaneste.fr\/fr\/wp-json\/wp\/v2\/comments?post=13"}],"version-history":[{"count":0,"href":"https:\/\/chambredhoteslemoulindelaneste.fr\/fr\/wp-json\/wp\/v2\/pages\/13\/revisions"}],"wp:attachment":[{"href":"https:\/\/chambredhoteslemoulindelaneste.fr\/fr\/wp-json\/wp\/v2\/media?parent=13"}],"curies":[{"name":"wp","href":"https:\/\/api.w.org\/{rel}","templated":true}]}}