{"id":1750,"date":"2026-05-03T13:57:11","date_gmt":"2026-05-03T13:57:11","guid":{"rendered":"https:\/\/chambredhoteslemoulindelaneste.fr\/?page_id=1750"},"modified":"2026-05-03T14:14:41","modified_gmt":"2026-05-03T14:14:41","slug":"cuidado-comodidad-limpieza","status":"publish","type":"page","link":"https:\/\/chambredhoteslemoulindelaneste.fr\/es\/care-comfort-cleanliness\/","title":{"rendered":"Cuidado, Comodidad y Limpieza"},"content":{"rendered":"<div data-elementor-type=\"wp-page\" data-elementor-id=\"1750\" class=\"elementor elementor-1750\">\n\t\t\t\t<div class=\"elementor-element elementor-element-66dc3a4 e-flex e-con-boxed e-con e-parent\" data-id=\"66dc3a4\" data-element_type=\"container\" data-e-type=\"container\">\n\t\t\t\t\t<div class=\"e-con-inner\">\n\t\t\t\t<div class=\"elementor-element elementor-element-cfb647a elementor-widget elementor-widget-html\" data-id=\"cfb647a\" data-element_type=\"widget\" data-e-type=\"widget\" data-widget_type=\"html.default\">\n\t\t\t\t\t<section style=\"  max-width:820px;  margin:0 auto;  padding:50px 20px;  font-family:Georgia, serif;  line-height:1.7;  color:#3b3b3b;  background:    linear-gradient(rgba(247,244,241,0.92), rgba(247,244,241,0.92)),    url('https:\/\/chambredhoteslemoulindelaneste.fr\/wp-content\/uploads\/2025\/09\/ChatGPT-Image-27-sep-2025-16_54_02.webp');  background-size:cover;  background-position:center;  border-radius:12px;\">\n\n  <!-- HEADER -->\n  <h2 style=\"text-align:center;margin-bottom:10px;font-weight:400;letter-spacing:0.5px;\">\n    \n  <\/h2>\n  <h5 style=\"text-align:center;font-style:italic;color:#7a6f66;margin-bottom:35px;\">\n    Una tranquila promesa de cuidado, en cada detalle.\n  <\/h5>\n\n  <!-- SUMMARY BLOCK -->\n  <div style=\"    background:rgba(255,255,255,0.75);    padding:30px;    border-radius:10px;    margin-bottom:40px;    backdrop-filter: blur(3px);  \">\n    \n    <div style=\"display:grid;gap:18px;\">\n      \n      <div style=\"display:flex;gap:12px;\">\n        <span style=\"font-size:20px;color:#a58b6f;\">\u2726<\/span>\n        <p style=\"margin:0;\">\n          <strong>Limpieza exhaustiva despu\u00e9s de cada estancia<\/strong><br>\n          Del techo al suelo, incluidos los detalles que a menudo no se ven.\n        <\/p>\n      <\/div>\n\n      <div style=\"display:flex;gap:12px;\">\n        <span style=\"font-size:20px;color:#a58b6f;\">\u2726<\/span>\n        <p style=\"margin:0;\">\n          <strong>Ropa de cama fresca y tratada con cuidado<\/strong><br>\n          Lavado a 60\u00b0C y secado en secadora siempre que sea posible.\n        <\/p>\n      <\/div>\n\n      <div style=\"display:flex;gap:12px;\">\n        <span style=\"font-size:20px;color:#a58b6f;\">\u2726<\/span>\n        <p style=\"margin:0;\">\n          <strong>Limpieza profunda regular<\/strong><br>\n          Tratamiento a vapor de colchones, cojines y telas.\n        <\/p>\n      <\/div>\n\n      <div style=\"display:flex;gap:12px;\">\n        <span style=\"font-size:20px;color:#a58b6f;\">\u2726<\/span>\n        <p style=\"margin:0;\">\n          <strong>Aire limpio y ventilaci\u00f3n mantenida<\/strong><br>\n          Garantizando un clima interior fresco y saludable.\n        <\/p>\n      <\/div>\n\n      <div style=\"display:flex;gap:12px;\">\n        <span style=\"font-size:20px;color:#a58b6f;\">\u2726<\/span>\n        <p style=\"margin:0;\">\n          <strong>Productos suaves y responsables<\/strong><br>\n          Elegido con cuidado tanto para nuestros hu\u00e9spedes como para nuestro sistema natural.\n        <\/p>\n      <\/div>\n\n    <\/div>\n  <\/div>\n\n  <!-- FULL TEXT -->\n  <div style=\"max-width:720px;margin:0 auto;background:rgba(255,255,255,0.7);padding:25px;border-radius:10px;backdrop-filter: blur(3px);\">\n    \n    <p>\n      En <strong>Chambre d\u2019H\u00f4tes Le Moulin de La Neste<\/strong>, creemos que el verdadero confort comienza con un lugar que no solo es hermoso, sino tambi\u00e9n profundamente limpio, fresco y cuidado.\n    <\/p>\n\n    <p>\n      Despu\u00e9s de cada estancia, nos tomamos el tiempo de limpiar cada habitaci\u00f3n de forma exhaustiva y completa. No solo las superficies visibles, sino tambi\u00e9n los lugares que a menudo se pasan por alto, desde el techo hasta el suelo, desde los cajones hasta el espacio debajo de la cama. Se incluyen cuidadosamente muebles, rodapi\u00e9s, marcos y cada detalle, para que cada nuevo hu\u00e9sped llegue a un espacio que se sienta como si estuviera preparado solo para \u00e9l.\n    <\/p>\n\n    <p>\n      Los ba\u00f1os reciben una atenci\u00f3n particular. Despu\u00e9s de cada estancia, se limpian intensivamente y se presentan de nuevo con la misma sensaci\u00f3n de frescura y claridad que un primer uso.\n    <\/p>\n\n    <p>\n      Los textiles reciben el mismo nivel de cuidado. La ropa de cama se lava despu\u00e9s de cada hu\u00e9sped a un m\u00ednimo de 60 \u00b0C, utilizando programas dedicados para una limpieza profunda. Siempre que es posible, esto se complementa con un secado a alta temperatura para reducir eficazmente las bacterias y los al\u00e9rgenos.\n    <\/p>\n\n    <p>\n      Adem\u00e1s, de forma regular \u2014al menos semanalmente y con m\u00e1s frecuencia durante los periodos de mayor actividad\u2014, se tratan colchones, cojines, cortinas y tejidos con vapor. Esto permite una limpieza profunda sin necesidad de productos qu\u00edmicos agresivos.\n    <\/p>\n\n    <p>\n      Nuestro sistema de ventilaci\u00f3n se limpia y trata peri\u00f3dicamente con una soluci\u00f3n desinfectante, asegurando que el aire se mantenga fresco y agradable durante toda su estancia.\n    <\/p>\n\n    <p>\n      En todo lo que hacemos, elegimos conscientemente productos de limpieza suaves y responsables. No solo para su comodidad, sino tambi\u00e9n en respeto a nuestro sistema s\u00e9ptico biol\u00f3gico y nuestro deseo de trabajar en armon\u00eda con el medio ambiente.\n    <\/p>\n\n    <p style=\"margin-top:25px;font-style:italic;text-align:center;color:#7a6f66;\">\n      Limpieza, para nosotros, no es una tarea; es parte de nuestra hospitalidad.\n    <\/p>\n\n  <\/div>\n\n<\/section>\t\t\t\t<\/div>\n\t\t\t\t\t<\/div>\n\t\t\t\t<\/div>\n\t\t\t\t<\/div>","protected":false},"excerpt":{"rendered":"<p>A quiet promise of care, in every detail. \u2726 Thorough cleaning after every stay From ceiling to floor, including the details often unseen. \u2726 Fresh, carefully treated linens Washed at 60\u00b0C and heat-dried whenever possible. \u2726 Regular deep cleaning Steam treatment of mattresses, cushions and fabrics. \u2726 Clean air &#038; maintained ventilation Ensuring a fresh [&hellip;]<\/p>\n","protected":false},"author":1,"featured_media":0,"parent":0,"menu_order":0,"comment_status":"closed","ping_status":"closed","template":"","meta":{"inline_featured_image":false,"footnotes":""},"class_list":["post-1750","page","type-page","status-publish","hentry"],"yoast_head":"<!-- This site is optimized with the Yoast SEO plugin v27.5 - https:\/\/yoast.com\/product\/yoast-seo-wordpress\/ -->\n<title>Care, Comfort &amp; Cleanliness - Chambre d&#039;H\u00f4tes Le Moulin de La Neste<\/title>\n<meta name=\"robots\" content=\"index, follow, max-snippet:-1, max-image-preview:large, max-video-preview:-1\" \/>\n<link rel=\"canonical\" href=\"https:\/\/chambredhoteslemoulindelaneste.fr\/es\/cuidado-comodidad-limpieza\/\" \/>\n<meta property=\"og:locale\" content=\"es_ES\" \/>\n<meta property=\"og:type\" content=\"article\" \/>\n<meta property=\"og:title\" content=\"Care, Comfort &amp; Cleanliness - Chambre d&#039;H\u00f4tes Le Moulin de La Neste\" \/>\n<meta property=\"og:description\" content=\"A quiet promise of care, in every detail. \u2726 Thorough cleaning after every stay From ceiling to floor, including the details often unseen. \u2726 Fresh, carefully treated linens Washed at 60\u00b0C and heat-dried whenever possible. \u2726 Regular deep cleaning Steam treatment of mattresses, cushions and fabrics. \u2726 Clean air &#038; maintained ventilation Ensuring a fresh [&hellip;]\" \/>\n<meta property=\"og:url\" content=\"https:\/\/chambredhoteslemoulindelaneste.fr\/es\/cuidado-comodidad-limpieza\/\" \/>\n<meta property=\"og:site_name\" content=\"Chambre d&#039;H\u00f4tes Le Moulin de La Neste\" \/>\n<meta property=\"article:publisher\" content=\"https:\/\/www.facebook.com\/LeMoulinDeLaNeste\" \/>\n<meta property=\"article:modified_time\" content=\"2026-05-03T14:14:41+00:00\" \/>\n<meta name=\"twitter:card\" content=\"summary_large_image\" \/>\n<meta name=\"twitter:label1\" content=\"Tiempo de lectura\" \/>\n\t<meta name=\"twitter:data1\" content=\"2 minutos\" \/>\n<script type=\"application\/ld+json\" class=\"yoast-schema-graph\">{\"@context\":\"https:\\\/\\\/schema.org\",\"@graph\":[{\"@type\":\"WebPage\",\"@id\":\"https:\\\/\\\/chambredhoteslemoulindelaneste.fr\\\/care-comfort-cleanliness\\\/\",\"url\":\"https:\\\/\\\/chambredhoteslemoulindelaneste.fr\\\/care-comfort-cleanliness\\\/\",\"name\":\"Care, Comfort &amp; Cleanliness - Chambre d&#039;H\u00f4tes Le Moulin de La Neste\",\"isPartOf\":{\"@id\":\"https:\\\/\\\/chambredhoteslemoulindelaneste.fr\\\/#website\"},\"datePublished\":\"2026-05-03T13:57:11+00:00\",\"dateModified\":\"2026-05-03T14:14:41+00:00\",\"breadcrumb\":{\"@id\":\"https:\\\/\\\/chambredhoteslemoulindelaneste.fr\\\/care-comfort-cleanliness\\\/#breadcrumb\"},\"inLanguage\":\"es\",\"potentialAction\":[{\"@type\":\"ReadAction\",\"target\":[\"https:\\\/\\\/chambredhoteslemoulindelaneste.fr\\\/care-comfort-cleanliness\\\/\"]}]},{\"@type\":\"BreadcrumbList\",\"@id\":\"https:\\\/\\\/chambredhoteslemoulindelaneste.fr\\\/care-comfort-cleanliness\\\/#breadcrumb\",\"itemListElement\":[{\"@type\":\"ListItem\",\"position\":1,\"name\":\"Home\",\"item\":\"https:\\\/\\\/chambredhoteslemoulindelaneste.fr\\\/\"},{\"@type\":\"ListItem\",\"position\":2,\"name\":\"Care, Comfort &amp; Cleanliness\"}]},{\"@type\":\"WebSite\",\"@id\":\"https:\\\/\\\/chambredhoteslemoulindelaneste.fr\\\/#website\",\"url\":\"https:\\\/\\\/chambredhoteslemoulindelaneste.fr\\\/\",\"name\":\"Chambre d'H\u00f4tes Le Moulin de La Neste\",\"description\":\"\",\"publisher\":{\"@id\":\"https:\\\/\\\/chambredhoteslemoulindelaneste.fr\\\/#organization\"},\"potentialAction\":[{\"@type\":\"SearchAction\",\"target\":{\"@type\":\"EntryPoint\",\"urlTemplate\":\"https:\\\/\\\/chambredhoteslemoulindelaneste.fr\\\/?s={search_term_string}\"},\"query-input\":{\"@type\":\"PropertyValueSpecification\",\"valueRequired\":true,\"valueName\":\"search_term_string\"}}],\"inLanguage\":\"es\"},{\"@type\":\"Organization\",\"@id\":\"https:\\\/\\\/chambredhoteslemoulindelaneste.fr\\\/#organization\",\"name\":\"Chambre d'H\u00f4tes Le Moulin De La Neste\",\"url\":\"https:\\\/\\\/chambredhoteslemoulindelaneste.fr\\\/\",\"logo\":{\"@type\":\"ImageObject\",\"inLanguage\":\"es\",\"@id\":\"https:\\\/\\\/chambredhoteslemoulindelaneste.fr\\\/#\\\/schema\\\/logo\\\/image\\\/\",\"url\":\"https:\\\/\\\/chambredhoteslemoulindelaneste.fr\\\/wp-content\\\/uploads\\\/2026\\\/03\\\/logo_chambre_square_fullcolor-250x250-1.webp\",\"contentUrl\":\"https:\\\/\\\/chambredhoteslemoulindelaneste.fr\\\/wp-content\\\/uploads\\\/2026\\\/03\\\/logo_chambre_square_fullcolor-250x250-1.webp\",\"width\":250,\"height\":250,\"caption\":\"Chambre d'H\u00f4tes Le Moulin De La Neste\"},\"image\":{\"@id\":\"https:\\\/\\\/chambredhoteslemoulindelaneste.fr\\\/#\\\/schema\\\/logo\\\/image\\\/\"},\"sameAs\":[\"https:\\\/\\\/www.facebook.com\\\/LeMoulinDeLaNeste\"]}]}<\/script>\n<!-- \/ Yoast SEO plugin. -->","yoast_head_json":{"title":"Cuidado, Comodidad y Limpieza - Chambre d'H\u00f4tes Le Moulin de La Neste","robots":{"index":"index","follow":"follow","max-snippet":"max-snippet:-1","max-image-preview":"max-image-preview:large","max-video-preview":"max-video-preview:-1"},"canonical":"https:\/\/chambredhoteslemoulindelaneste.fr\/es\/cuidado-comodidad-limpieza\/","og_locale":"es_ES","og_type":"article","og_title":"Care, Comfort &amp; Cleanliness - Chambre d&#039;H\u00f4tes Le Moulin de La Neste","og_description":"A quiet promise of care, in every detail. \u2726 Thorough cleaning after every stay From ceiling to floor, including the details often unseen. \u2726 Fresh, carefully treated linens Washed at 60\u00b0C and heat-dried whenever possible. \u2726 Regular deep cleaning Steam treatment of mattresses, cushions and fabrics. \u2726 Clean air &#038; maintained ventilation Ensuring a fresh [&hellip;]","og_url":"https:\/\/chambredhoteslemoulindelaneste.fr\/es\/cuidado-comodidad-limpieza\/","og_site_name":"Chambre d&#039;H\u00f4tes Le Moulin de La Neste","article_publisher":"https:\/\/www.facebook.com\/LeMoulinDeLaNeste","article_modified_time":"2026-05-03T14:14:41+00:00","twitter_card":"summary_large_image","twitter_misc":{"Tiempo de lectura":"2 minutos"},"schema":{"@context":"https:\/\/schema.org","@graph":[{"@type":"WebPage","@id":"https:\/\/chambredhoteslemoulindelaneste.fr\/care-comfort-cleanliness\/","url":"https:\/\/chambredhoteslemoulindelaneste.fr\/care-comfort-cleanliness\/","name":"Cuidado, Comodidad y Limpieza - Chambre d'H\u00f4tes Le Moulin de La Neste","isPartOf":{"@id":"https:\/\/chambredhoteslemoulindelaneste.fr\/#website"},"datePublished":"2026-05-03T13:57:11+00:00","dateModified":"2026-05-03T14:14:41+00:00","breadcrumb":{"@id":"https:\/\/chambredhoteslemoulindelaneste.fr\/care-comfort-cleanliness\/#breadcrumb"},"inLanguage":"es","potentialAction":[{"@type":"ReadAction","target":["https:\/\/chambredhoteslemoulindelaneste.fr\/care-comfort-cleanliness\/"]}]},{"@type":"BreadcrumbList","@id":"https:\/\/chambredhoteslemoulindelaneste.fr\/care-comfort-cleanliness\/#breadcrumb","itemListElement":[{"@type":"ListItem","position":1,"name":"Home","item":"https:\/\/chambredhoteslemoulindelaneste.fr\/"},{"@type":"ListItem","position":2,"name":"Care, Comfort &amp; Cleanliness"}]},{"@type":"WebSite","@id":"https:\/\/chambredhoteslemoulindelaneste.fr\/#website","url":"https:\/\/chambredhoteslemoulindelaneste.fr\/","name":"Chambre d'H\u00f4tes Le Moulin de La Neste","description":"","publisher":{"@id":"https:\/\/chambredhoteslemoulindelaneste.fr\/#organization"},"potentialAction":[{"@type":"SearchAction","target":{"@type":"EntryPoint","urlTemplate":"https:\/\/chambredhoteslemoulindelaneste.fr\/?s={search_term_string}"},"query-input":{"@type":"PropertyValueSpecification","valueRequired":true,"valueName":"search_term_string"}}],"inLanguage":"es"},{"@type":"Organization","@id":"https:\/\/chambredhoteslemoulindelaneste.fr\/#organization","name":"Alojamiento Rural Le Moulin De La Neste","url":"https:\/\/chambredhoteslemoulindelaneste.fr\/","logo":{"@type":"ImageObject","inLanguage":"es","@id":"https:\/\/chambredhoteslemoulindelaneste.fr\/#\/schema\/logo\/image\/","url":"https:\/\/chambredhoteslemoulindelaneste.fr\/wp-content\/uploads\/2026\/03\/logo_chambre_square_fullcolor-250x250-1.webp","contentUrl":"https:\/\/chambredhoteslemoulindelaneste.fr\/wp-content\/uploads\/2026\/03\/logo_chambre_square_fullcolor-250x250-1.webp","width":250,"height":250,"caption":"Chambre d'H\u00f4tes Le Moulin De La Neste"},"image":{"@id":"https:\/\/chambredhoteslemoulindelaneste.fr\/#\/schema\/logo\/image\/"},"sameAs":["https:\/\/www.facebook.com\/LeMoulinDeLaNeste"]}]}},"_links":{"self":[{"href":"https:\/\/chambredhoteslemoulindelaneste.fr\/es\/wp-json\/wp\/v2\/pages\/1750","targetHints":{"allow":["GET"]}}],"collection":[{"href":"https:\/\/chambredhoteslemoulindelaneste.fr\/es\/wp-json\/wp\/v2\/pages"}],"about":[{"href":"https:\/\/chambredhoteslemoulindelaneste.fr\/es\/wp-json\/wp\/v2\/types\/page"}],"author":[{"embeddable":true,"href":"https:\/\/chambredhoteslemoulindelaneste.fr\/es\/wp-json\/wp\/v2\/users\/1"}],"replies":[{"embeddable":true,"href":"https:\/\/chambredhoteslemoulindelaneste.fr\/es\/wp-json\/wp\/v2\/comments?post=1750"}],"version-history":[{"count":16,"href":"https:\/\/chambredhoteslemoulindelaneste.fr\/es\/wp-json\/wp\/v2\/pages\/1750\/revisions"}],"predecessor-version":[{"id":1767,"href":"https:\/\/chambredhoteslemoulindelaneste.fr\/es\/wp-json\/wp\/v2\/pages\/1750\/revisions\/1767"}],"wp:attachment":[{"href":"https:\/\/chambredhoteslemoulindelaneste.fr\/es\/wp-json\/wp\/v2\/media?parent=1750"}],"curies":[{"name":"wp","href":"https:\/\/api.w.org\/{rel}","templated":true}]}}