{"id":1750,"date":"2026-05-03T13:57:11","date_gmt":"2026-05-03T13:57:11","guid":{"rendered":"https:\/\/chambredhoteslemoulindelaneste.fr\/?page_id=1750"},"modified":"2026-05-03T14:14:41","modified_gmt":"2026-05-03T14:14:41","slug":"pflege-komfort-sauberkeit","status":"publish","type":"page","link":"https:\/\/chambredhoteslemoulindelaneste.fr\/de\/care-comfort-cleanliness\/","title":{"rendered":"Pflege, Komfort &amp; Sauberkeit"},"content":{"rendered":"<div data-elementor-type=\"wp-page\" data-elementor-id=\"1750\" class=\"elementor elementor-1750\">\n\t\t\t\t<div class=\"elementor-element elementor-element-66dc3a4 e-flex e-con-boxed e-con e-parent\" data-id=\"66dc3a4\" data-element_type=\"container\" data-e-type=\"container\">\n\t\t\t\t\t<div class=\"e-con-inner\">\n\t\t\t\t<div class=\"elementor-element elementor-element-cfb647a elementor-widget elementor-widget-html\" data-id=\"cfb647a\" data-element_type=\"widget\" data-e-type=\"widget\" data-widget_type=\"html.default\">\n\t\t\t\t\t<section style=\"  max-width:820px;  margin:0 auto;  padding:50px 20px;  font-family:Georgia, serif;  line-height:1.7;  color:#3b3b3b;  background:    linear-gradient(rgba(247,244,241,0.92), rgba(247,244,241,0.92)),    url('https:\/\/chambredhoteslemoulindelaneste.fr\/wp-content\/uploads\/2025\/09\/ChatGPT-Image-27-sep-2025-16_54_02.webp');  background-size:cover;  background-position:center;  border-radius:12px;\">\n\n  <!-- HEADER -->\n  <h2 style=\"text-align:center;margin-bottom:10px;font-weight:400;letter-spacing:0.5px;\">\n    \n  <\/h2>\n  <h5 style=\"text-align:center;font-style:italic;color:#7a6f66;margin-bottom:35px;\">\n    Ein leises Versprechen von F\u00fcrsorge, in jedem Detail.\n  <\/h5>\n\n  <!-- SUMMARY BLOCK -->\n  <div style=\"    background:rgba(255,255,255,0.75);    padding:30px;    border-radius:10px;    margin-bottom:40px;    backdrop-filter: blur(3px);  \">\n    \n    <div style=\"display:grid;gap:18px;\">\n      \n      <div style=\"display:flex;gap:12px;\">\n        <span style=\"font-size:20px;color:#a58b6f;\">\u2726<\/span>\n        <p style=\"margin:0;\">\n          <strong>Gr\u00fcndliche Reinigung nach jedem Aufenthalt<\/strong><br>\n          Von der Decke bis zum Boden, einschlie\u00dflich der oft \u00fcbersehenen Details.\n        <\/p>\n      <\/div>\n\n      <div style=\"display:flex;gap:12px;\">\n        <span style=\"font-size:20px;color:#a58b6f;\">\u2726<\/span>\n        <p style=\"margin:0;\">\n          <strong>Frische, sorgf\u00e4ltig behandelte W\u00e4sche<\/strong><br>\n          Bei 60\u00b0C waschen und nach M\u00f6glichkeit im W\u00e4schetrockner trocknen.\n        <\/p>\n      <\/div>\n\n      <div style=\"display:flex;gap:12px;\">\n        <span style=\"font-size:20px;color:#a58b6f;\">\u2726<\/span>\n        <p style=\"margin:0;\">\n          <strong>Regelm\u00e4\u00dfige Tiefenreinigung<\/strong><br>\n          Dampfbehandlung von Matratzen, Kissen und Stoffen.\n        <\/p>\n      <\/div>\n\n      <div style=\"display:flex;gap:12px;\">\n        <span style=\"font-size:20px;color:#a58b6f;\">\u2726<\/span>\n        <p style=\"margin:0;\">\n          <strong>Saubere Luft und instandgehaltene L\u00fcftung<\/strong><br>\n          Gew\u00e4hrleistung eines frischen und gesunden Raumklimas.\n        <\/p>\n      <\/div>\n\n      <div style=\"display:flex;gap:12px;\">\n        <span style=\"font-size:20px;color:#a58b6f;\">\u2726<\/span>\n        <p style=\"margin:0;\">\n          <strong>Sanfte, verantwortungsbewusste Produkte<\/strong><br>\n          Mit Bedacht gew\u00e4hlt, sowohl f\u00fcr unsere G\u00e4ste als auch f\u00fcr unser nat\u00fcrliches System.\n        <\/p>\n      <\/div>\n\n    <\/div>\n  <\/div>\n\n  <!-- FULL TEXT -->\n  <div style=\"max-width:720px;margin:0 auto;background:rgba(255,255,255,0.7);padding:25px;border-radius:10px;backdrop-filter: blur(3px);\">\n    \n    <p>\n      Bei <strong>Chambre d\u2019H\u00f4tes Le Moulin de La Neste<\/strong>, wir glauben, dass wahrer Komfort dort beginnt, wo ein Ort nicht nur sch\u00f6n, sondern auch tief rein, frisch und gepflegt ist.\n    <\/p>\n\n    <p>\n      Nach jedem Aufenthalt nehmen wir uns die Zeit, jedes Zimmer gr\u00fcndlich und vollst\u00e4ndig zu reinigen. Nicht nur die sichtbaren Oberfl\u00e4chen, sondern auch die oft vergessenen Stellen \u2013 von der Decke bis zum Boden, von den Schubladen bis unter das Bett. M\u00f6bel, Sockelleisten, Rahmen und jedes Detail werden sorgf\u00e4ltig ber\u00fccksichtigt, damit jeder neue Gast in einem Raum ankommt, der sich anf\u00fchlt, als sei er nur f\u00fcr ihn vorbereitet worden.\n    <\/p>\n\n    <p>\n      Badezimmer erhalten besondere Aufmerksamkeit. Nach jedem Aufenthalt werden sie intensiv gereinigt und pr\u00e4sentieren sich wieder mit der gleichen Frische und Klarheit wie bei der ersten Benutzung.\n    <\/p>\n\n    <p>\n      Textilien werden mit der gleichen Sorgfalt behandelt. Bettw\u00e4sche wird nach jedem Gast bei mindestens 60 \u00b0C gewaschen, wobei spezielle Programme zur Tiefenreinigung zum Einsatz kommen. Wenn m\u00f6glich, folgt darauf eine Trocknung bei hohen Temperaturen, um Bakterien und Allergene wirksam zu reduzieren.\n    <\/p>\n\n    <p>\n      Zus\u00e4tzlich werden Matratzen, Kissen, Vorh\u00e4nge und Textilien regelm\u00e4\u00dfig \u2013 mindestens w\u00f6chentlich und w\u00e4hrend intensiverer Perioden h\u00e4ufiger \u2013 mit Dampf behandelt. Dies erm\u00f6glicht eine Tiefenreinigung ohne den Einsatz aggressiver Chemikalien.\n    <\/p>\n\n    <p>\n      Unsere L\u00fcftungsanlage wird regelm\u00e4\u00dfig gereinigt und mit einer desinfizierenden L\u00f6sung behandelt, sodass die Luft w\u00e4hrend Ihres gesamten Aufenthalts frisch und angenehm bleibt.\n    <\/p>\n\n    <p>\n      Bei allem, was wir tun, entscheiden wir uns bewusst f\u00fcr milde und verantwortungsvolle Reinigungsmittel. Nicht nur f\u00fcr Ihr Wohlbefinden, sondern auch im Hinblick auf unsere biologische Kl\u00e4rgrube und unseren Wunsch, im Einklang mit der Umwelt zu arbeiten.\n    <\/p>\n\n    <p style=\"margin-top:25px;font-style:italic;text-align:center;color:#7a6f66;\">\n      Sauberkeit ist f\u00fcr uns keine Aufgabe \u2013 sie ist Teil unserer Gastfreundschaft.\n    <\/p>\n\n  <\/div>\n\n<\/section>\t\t\t\t<\/div>\n\t\t\t\t\t<\/div>\n\t\t\t\t<\/div>\n\t\t\t\t<\/div>","protected":false},"excerpt":{"rendered":"<p>A quiet promise of care, in every detail. \u2726 Thorough cleaning after every stay From ceiling to floor, including the details often unseen. \u2726 Fresh, carefully treated linens Washed at 60\u00b0C and heat-dried whenever possible. \u2726 Regular deep cleaning Steam treatment of mattresses, cushions and fabrics. \u2726 Clean air &#038; maintained ventilation Ensuring a fresh [&hellip;]<\/p>\n","protected":false},"author":1,"featured_media":0,"parent":0,"menu_order":0,"comment_status":"closed","ping_status":"closed","template":"","meta":{"inline_featured_image":false,"footnotes":""},"class_list":["post-1750","page","type-page","status-publish","hentry"],"yoast_head":"<!-- This site is optimized with the Yoast SEO plugin v27.5 - https:\/\/yoast.com\/product\/yoast-seo-wordpress\/ -->\n<title>Care, Comfort &amp; Cleanliness - Chambre d&#039;H\u00f4tes Le Moulin de La Neste<\/title>\n<meta name=\"robots\" content=\"index, follow, max-snippet:-1, max-image-preview:large, max-video-preview:-1\" \/>\n<link rel=\"canonical\" href=\"https:\/\/chambredhoteslemoulindelaneste.fr\/de\/pflege-komfort-sauberkeit\/\" \/>\n<meta property=\"og:locale\" content=\"de_DE\" \/>\n<meta property=\"og:type\" content=\"article\" \/>\n<meta property=\"og:title\" content=\"Care, Comfort &amp; Cleanliness - Chambre d&#039;H\u00f4tes Le Moulin de La Neste\" \/>\n<meta property=\"og:description\" content=\"A quiet promise of care, in every detail. \u2726 Thorough cleaning after every stay From ceiling to floor, including the details often unseen. \u2726 Fresh, carefully treated linens Washed at 60\u00b0C and heat-dried whenever possible. \u2726 Regular deep cleaning Steam treatment of mattresses, cushions and fabrics. \u2726 Clean air &#038; maintained ventilation Ensuring a fresh [&hellip;]\" \/>\n<meta property=\"og:url\" content=\"https:\/\/chambredhoteslemoulindelaneste.fr\/de\/pflege-komfort-sauberkeit\/\" \/>\n<meta property=\"og:site_name\" content=\"Chambre d&#039;H\u00f4tes Le Moulin de La Neste\" \/>\n<meta property=\"article:publisher\" content=\"https:\/\/www.facebook.com\/LeMoulinDeLaNeste\" \/>\n<meta property=\"article:modified_time\" content=\"2026-05-03T14:14:41+00:00\" \/>\n<meta name=\"twitter:card\" content=\"summary_large_image\" \/>\n<meta name=\"twitter:label1\" content=\"Gesch\u00e4tzte Lesezeit\" \/>\n\t<meta name=\"twitter:data1\" content=\"2\u00a0Minuten\" \/>\n<script type=\"application\/ld+json\" class=\"yoast-schema-graph\">{\"@context\":\"https:\\\/\\\/schema.org\",\"@graph\":[{\"@type\":\"WebPage\",\"@id\":\"https:\\\/\\\/chambredhoteslemoulindelaneste.fr\\\/care-comfort-cleanliness\\\/\",\"url\":\"https:\\\/\\\/chambredhoteslemoulindelaneste.fr\\\/care-comfort-cleanliness\\\/\",\"name\":\"Care, Comfort &amp; Cleanliness - Chambre d&#039;H\u00f4tes Le Moulin de La Neste\",\"isPartOf\":{\"@id\":\"https:\\\/\\\/chambredhoteslemoulindelaneste.fr\\\/#website\"},\"datePublished\":\"2026-05-03T13:57:11+00:00\",\"dateModified\":\"2026-05-03T14:14:41+00:00\",\"breadcrumb\":{\"@id\":\"https:\\\/\\\/chambredhoteslemoulindelaneste.fr\\\/care-comfort-cleanliness\\\/#breadcrumb\"},\"inLanguage\":\"de\",\"potentialAction\":[{\"@type\":\"ReadAction\",\"target\":[\"https:\\\/\\\/chambredhoteslemoulindelaneste.fr\\\/care-comfort-cleanliness\\\/\"]}]},{\"@type\":\"BreadcrumbList\",\"@id\":\"https:\\\/\\\/chambredhoteslemoulindelaneste.fr\\\/care-comfort-cleanliness\\\/#breadcrumb\",\"itemListElement\":[{\"@type\":\"ListItem\",\"position\":1,\"name\":\"Home\",\"item\":\"https:\\\/\\\/chambredhoteslemoulindelaneste.fr\\\/\"},{\"@type\":\"ListItem\",\"position\":2,\"name\":\"Care, Comfort &amp; Cleanliness\"}]},{\"@type\":\"WebSite\",\"@id\":\"https:\\\/\\\/chambredhoteslemoulindelaneste.fr\\\/#website\",\"url\":\"https:\\\/\\\/chambredhoteslemoulindelaneste.fr\\\/\",\"name\":\"Chambre d'H\u00f4tes Le Moulin de La Neste\",\"description\":\"\",\"publisher\":{\"@id\":\"https:\\\/\\\/chambredhoteslemoulindelaneste.fr\\\/#organization\"},\"potentialAction\":[{\"@type\":\"SearchAction\",\"target\":{\"@type\":\"EntryPoint\",\"urlTemplate\":\"https:\\\/\\\/chambredhoteslemoulindelaneste.fr\\\/?s={search_term_string}\"},\"query-input\":{\"@type\":\"PropertyValueSpecification\",\"valueRequired\":true,\"valueName\":\"search_term_string\"}}],\"inLanguage\":\"de\"},{\"@type\":\"Organization\",\"@id\":\"https:\\\/\\\/chambredhoteslemoulindelaneste.fr\\\/#organization\",\"name\":\"Chambre d'H\u00f4tes Le Moulin De La Neste\",\"url\":\"https:\\\/\\\/chambredhoteslemoulindelaneste.fr\\\/\",\"logo\":{\"@type\":\"ImageObject\",\"inLanguage\":\"de\",\"@id\":\"https:\\\/\\\/chambredhoteslemoulindelaneste.fr\\\/#\\\/schema\\\/logo\\\/image\\\/\",\"url\":\"https:\\\/\\\/chambredhoteslemoulindelaneste.fr\\\/wp-content\\\/uploads\\\/2026\\\/03\\\/logo_chambre_square_fullcolor-250x250-1.webp\",\"contentUrl\":\"https:\\\/\\\/chambredhoteslemoulindelaneste.fr\\\/wp-content\\\/uploads\\\/2026\\\/03\\\/logo_chambre_square_fullcolor-250x250-1.webp\",\"width\":250,\"height\":250,\"caption\":\"Chambre d'H\u00f4tes Le Moulin De La Neste\"},\"image\":{\"@id\":\"https:\\\/\\\/chambredhoteslemoulindelaneste.fr\\\/#\\\/schema\\\/logo\\\/image\\\/\"},\"sameAs\":[\"https:\\\/\\\/www.facebook.com\\\/LeMoulinDeLaNeste\"]}]}<\/script>\n<!-- \/ Yoast SEO plugin. -->","yoast_head_json":{"title":"Pflege, Komfort und Sauberkeit - Chambre d'H\u00f4tes Le Moulin de La Neste","robots":{"index":"index","follow":"follow","max-snippet":"max-snippet:-1","max-image-preview":"max-image-preview:large","max-video-preview":"max-video-preview:-1"},"canonical":"https:\/\/chambredhoteslemoulindelaneste.fr\/de\/pflege-komfort-sauberkeit\/","og_locale":"de_DE","og_type":"article","og_title":"Care, Comfort &amp; Cleanliness - Chambre d&#039;H\u00f4tes Le Moulin de La Neste","og_description":"A quiet promise of care, in every detail. \u2726 Thorough cleaning after every stay From ceiling to floor, including the details often unseen. \u2726 Fresh, carefully treated linens Washed at 60\u00b0C and heat-dried whenever possible. \u2726 Regular deep cleaning Steam treatment of mattresses, cushions and fabrics. \u2726 Clean air &#038; maintained ventilation Ensuring a fresh [&hellip;]","og_url":"https:\/\/chambredhoteslemoulindelaneste.fr\/de\/pflege-komfort-sauberkeit\/","og_site_name":"Chambre d&#039;H\u00f4tes Le Moulin de La Neste","article_publisher":"https:\/\/www.facebook.com\/LeMoulinDeLaNeste","article_modified_time":"2026-05-03T14:14:41+00:00","twitter_card":"summary_large_image","twitter_misc":{"Gesch\u00e4tzte Lesezeit":"2\u00a0Minuten"},"schema":{"@context":"https:\/\/schema.org","@graph":[{"@type":"WebPage","@id":"https:\/\/chambredhoteslemoulindelaneste.fr\/care-comfort-cleanliness\/","url":"https:\/\/chambredhoteslemoulindelaneste.fr\/care-comfort-cleanliness\/","name":"Pflege, Komfort und Sauberkeit - Chambre d'H\u00f4tes Le Moulin de La Neste","isPartOf":{"@id":"https:\/\/chambredhoteslemoulindelaneste.fr\/#website"},"datePublished":"2026-05-03T13:57:11+00:00","dateModified":"2026-05-03T14:14:41+00:00","breadcrumb":{"@id":"https:\/\/chambredhoteslemoulindelaneste.fr\/care-comfort-cleanliness\/#breadcrumb"},"inLanguage":"de","potentialAction":[{"@type":"ReadAction","target":["https:\/\/chambredhoteslemoulindelaneste.fr\/care-comfort-cleanliness\/"]}]},{"@type":"BreadcrumbList","@id":"https:\/\/chambredhoteslemoulindelaneste.fr\/care-comfort-cleanliness\/#breadcrumb","itemListElement":[{"@type":"ListItem","position":1,"name":"Home","item":"https:\/\/chambredhoteslemoulindelaneste.fr\/"},{"@type":"ListItem","position":2,"name":"Care, Comfort &amp; Cleanliness"}]},{"@type":"WebSite","@id":"https:\/\/chambredhoteslemoulindelaneste.fr\/#website","url":"https:\/\/chambredhoteslemoulindelaneste.fr\/","name":"Chambre d'H\u00f4tes Le Moulin de La Neste","description":"","publisher":{"@id":"https:\/\/chambredhoteslemoulindelaneste.fr\/#organization"},"potentialAction":[{"@type":"SearchAction","target":{"@type":"EntryPoint","urlTemplate":"https:\/\/chambredhoteslemoulindelaneste.fr\/?s={search_term_string}"},"query-input":{"@type":"PropertyValueSpecification","valueRequired":true,"valueName":"search_term_string"}}],"inLanguage":"de"},{"@type":"Organization","@id":"https:\/\/chambredhoteslemoulindelaneste.fr\/#organization","name":"Chambre d'H\u00f4tes Le Moulin De La Neste","url":"https:\/\/chambredhoteslemoulindelaneste.fr\/","logo":{"@type":"ImageObject","inLanguage":"de","@id":"https:\/\/chambredhoteslemoulindelaneste.fr\/#\/schema\/logo\/image\/","url":"https:\/\/chambredhoteslemoulindelaneste.fr\/wp-content\/uploads\/2026\/03\/logo_chambre_square_fullcolor-250x250-1.webp","contentUrl":"https:\/\/chambredhoteslemoulindelaneste.fr\/wp-content\/uploads\/2026\/03\/logo_chambre_square_fullcolor-250x250-1.webp","width":250,"height":250,"caption":"Chambre d'H\u00f4tes Le Moulin De La Neste"},"image":{"@id":"https:\/\/chambredhoteslemoulindelaneste.fr\/#\/schema\/logo\/image\/"},"sameAs":["https:\/\/www.facebook.com\/LeMoulinDeLaNeste"]}]}},"_links":{"self":[{"href":"https:\/\/chambredhoteslemoulindelaneste.fr\/de\/wp-json\/wp\/v2\/pages\/1750","targetHints":{"allow":["GET"]}}],"collection":[{"href":"https:\/\/chambredhoteslemoulindelaneste.fr\/de\/wp-json\/wp\/v2\/pages"}],"about":[{"href":"https:\/\/chambredhoteslemoulindelaneste.fr\/de\/wp-json\/wp\/v2\/types\/page"}],"author":[{"embeddable":true,"href":"https:\/\/chambredhoteslemoulindelaneste.fr\/de\/wp-json\/wp\/v2\/users\/1"}],"replies":[{"embeddable":true,"href":"https:\/\/chambredhoteslemoulindelaneste.fr\/de\/wp-json\/wp\/v2\/comments?post=1750"}],"version-history":[{"count":16,"href":"https:\/\/chambredhoteslemoulindelaneste.fr\/de\/wp-json\/wp\/v2\/pages\/1750\/revisions"}],"predecessor-version":[{"id":1767,"href":"https:\/\/chambredhoteslemoulindelaneste.fr\/de\/wp-json\/wp\/v2\/pages\/1750\/revisions\/1767"}],"wp:attachment":[{"href":"https:\/\/chambredhoteslemoulindelaneste.fr\/de\/wp-json\/wp\/v2\/media?parent=1750"}],"curies":[{"name":"wp","href":"https:\/\/api.w.org\/{rel}","templated":true}]}}